{"id":4301,"date":"2024-09-22T10:02:37","date_gmt":"2024-09-22T10:02:37","guid":{"rendered":"https:\/\/legitgrams.com\/?post_type=product&#038;p=4301"},"modified":"2026-02-28T13:42:55","modified_gmt":"2026-02-28T13:42:55","slug":"heroina-de-alcatrao-negro","status":"publish","type":"product","link":"https:\/\/legitgrams.com\/pt\/produto\/heroina-de-alcatrao-negro\/","title":{"rendered":"Buy Black Tar Heroin"},"content":{"rendered":"<h2>\u00c0 venda: Hero\u00edna Black Tar<\/h2>\n<p><a href=\"https:\/\/legitgrams.com\/pt\/produto\/heroina-de-alcatrao-negro\/\">Hero\u00edna alcatr\u00e3o preto<\/a>, como o nome indica, \u00e9 uma forma mais potente do narc\u00f3tico ilegal com uma sensa\u00e7\u00e3o e apar\u00eancia pegajosas. Al\u00e9m disso, \u00e9 preta. Tanto nos Estados Unidos quanto no Canad\u00e1, a droga \u00e9 encontrada principalmente a oeste do Rio Mississippi. Como \u00e9 a principal exporta\u00e7\u00e3o das gangues mexicanas, \u00e0s vezes \u00e9 chamada de hero\u00edna mexicana de alcatr\u00e3o preto. <a href=\"https:\/\/legitgrams.com\/pt\/\">LegitGrams<\/a><\/p>\n<p>Compre Black Tar Heroin online \u2013 compre <a href=\"https:\/\/en.wikipedia.org\/wiki\/Black_tar_heroin\">Hero\u00edna de alcatr\u00e3o negro<\/a>, comprar Black Tar Heroin, comprar Black Tar Heroin online, onde comprar Black Tar Heroin, comprar Black Tar Heroin, comprar Black Tar Heroin online, comprar Black Tar Heroin nos EUA, Canad\u00e1 e Reino Unido, comprar, mas tamb\u00e9m comprar, Fornecedores online, envio seguro, Black Tar Heroin ainda est\u00e1 no mercado. Faz sentido comprar Black Tar Heroin online nos EUA, Canad\u00e1 e outros pa\u00edses? Como se pode obter um pouco?<\/p>","protected":false},"excerpt":{"rendered":"<p>For Sale: Black Tar Heroin Black tar heroin, as the name implies, is a more potent form of the illegal narcotic with a sticky feel and look. In addition, it is black. In both the United States and Canada, the drug is primarily found west of the Mississippi River. Since it is the main export &hellip;<\/p>\n<p class=\"read-more\"> <a class=\"\" href=\"https:\/\/legitgrams.com\/pt\/produto\/heroina-de-alcatrao-negro\/\"> <span class=\"screen-reader-text\">Buy Black Tar Heroin<\/span> Ler mais \"<\/a><\/p>","protected":false},"featured_media":5335,"comment_status":"open","ping_status":"closed","template":"","meta":{"_uag_custom_page_level_css":"","site-sidebar-layout":"default","site-content-layout":"default","ast-global-header-display":"","ast-main-header-display":"","ast-hfb-above-header-display":"","ast-hfb-below-header-display":"","ast-hfb-mobile-header-display":"","site-post-title":"","ast-breadcrumbs-content":"","ast-featured-img":"","footer-sml-layout":"","theme-transparent-header-meta":"default","adv-header-id-meta":"","stick-header-meta":"default","header-above-stick-meta":"","header-main-stick-meta":"","header-below-stick-meta":"","_joinchat":[]},"product_brand":[],"product_cat":[601],"product_tag":[855,845,836,840,839,847,838,850,857,858,856,848,853,617,837,852,849,844,842,854,851,625,843,846,841],"class_list":{"0":"post-4301","1":"product","2":"type-product","3":"status-publish","4":"has-post-thumbnail","6":"product_cat-heroine","7":"product_tag-best-cheap-price-black-tar-heroin","8":"product_tag-best-place-to-buy-black-tar-heroin","9":"product_tag-black-tar-heroin","10":"product_tag-black-tar-heroin-black-tar-heroin-supplier","11":"product_tag-black-tar-heroin-for-sale","12":"product_tag-black-tar-heroin-legally","13":"product_tag-black-tar-heroin-online","14":"product_tag-black-tar-heroin-store","15":"product_tag-black-tar-heroin-use","16":"product_tag-black-tar-heroin-wiki","17":"product_tag-black-tar-heroin-worldwide","18":"product_tag-black-tar-heroinprice","19":"product_tag-black-tar-heroins","20":"product_tag-bulk-online","21":"product_tag-buy-black-tar-heroin","22":"product_tag-cheap-black-tar-heroin","23":"product_tag-high-quality-black-tar-heroin","24":"product_tag-how-to-buy-black-tar-heroin","25":"product_tag-order-black-tar-heroin","26":"product_tag-purcharse-black-tar-heroin","27":"product_tag-shop-black-tar-heroin","28":"product_tag-top-quality","29":"product_tag-where-to-buy-black-tar-heroin","30":"product_tag-where-to-order-black-tar-heroin","31":"product_tag-wholesale-black-tar-heroin","32":"desktop-align-left","33":"tablet-align-left","34":"mobile-align-left","35":"ast-product-gallery-layout-horizontal","36":"ast-product-gallery-with-no-image","37":"ast-product-single-variable","38":"ast-product-tabs-layout-horizontal","39":"ast-qv-on-image","41":"first","42":"instock","43":"featured","44":"shipping-taxable","45":"purchasable","46":"product-type-variable"},"yoast_head":"<!-- This site is optimized with the Yoast SEO plugin v25.9 - https:\/\/yoast.com\/wordpress\/plugins\/seo\/ -->\n<title>Black Tar Heroin for Sale - Buy Black Tar Heroin Online<\/title>\n<meta name=\"description\" content=\"We are the leading store available with black tar heroin for sale. If you wish to buy black tar heroin online, contact us right away and get the order delivered.\" \/>\n<meta name=\"robots\" content=\"index, follow, max-snippet:-1, max-image-preview:large, max-video-preview:-1\" \/>\n<link rel=\"canonical\" href=\"https:\/\/legitgrams.com\/pt\/produto\/heroina-de-alcatrao-negro\/\" \/>\n<meta property=\"og:locale\" content=\"pt_PT\" \/>\n<meta property=\"og:type\" content=\"article\" \/>\n<meta property=\"og:title\" content=\"Black Tar Heroin for Sale - Buy Black Tar Heroin Online\" \/>\n<meta property=\"og:description\" content=\"We are the leading store available with black tar heroin for sale. If you wish to buy black tar heroin online, contact us right away and get the order delivered.\" \/>\n<meta property=\"og:url\" content=\"https:\/\/legitgrams.com\/pt\/produto\/heroina-de-alcatrao-negro\/\" \/>\n<meta property=\"og:site_name\" content=\"Legit Grams\" \/>\n<meta property=\"article:modified_time\" content=\"2026-02-28T13:42:55+00:00\" \/>\n<meta property=\"og:image\" content=\"https:\/\/legitgrams.com\/wp-content\/uploads\/2024\/09\/buy-Black-Tar-Heroin-online.jpg\" \/>\n\t<meta property=\"og:image:width\" content=\"600\" \/>\n\t<meta property=\"og:image:height\" content=\"600\" \/>\n\t<meta property=\"og:image:type\" content=\"image\/jpeg\" \/>\n<meta name=\"twitter:card\" content=\"summary_large_image\" \/>\n<meta name=\"twitter:label1\" content=\"Tempo estimado de leitura\" \/>\n\t<meta name=\"twitter:data1\" content=\"1 minuto\" \/>\n<script type=\"application\/ld+json\" class=\"yoast-schema-graph\">{\"@context\":\"https:\/\/schema.org\",\"@graph\":[{\"@type\":\"WebPage\",\"@id\":\"https:\/\/legitgrams.com\/product\/black-tar-heroin\/\",\"url\":\"https:\/\/legitgrams.com\/product\/black-tar-heroin\/\",\"name\":\"Black Tar Heroin for Sale - Buy Black Tar Heroin Online\",\"isPartOf\":{\"@id\":\"https:\/\/legitgrams.com\/#website\"},\"primaryImageOfPage\":{\"@id\":\"https:\/\/legitgrams.com\/product\/black-tar-heroin\/#primaryimage\"},\"image\":{\"@id\":\"https:\/\/legitgrams.com\/product\/black-tar-heroin\/#primaryimage\"},\"thumbnailUrl\":\"https:\/\/legitgrams.com\/wp-content\/uploads\/2024\/09\/buy-Black-Tar-Heroin-online.jpg\",\"datePublished\":\"2024-09-22T10:02:37+00:00\",\"dateModified\":\"2026-02-28T13:42:55+00:00\",\"description\":\"We are the leading store available with black tar heroin for sale. If you wish to buy black tar heroin online, contact us right away and get the order delivered.\",\"breadcrumb\":{\"@id\":\"https:\/\/legitgrams.com\/product\/black-tar-heroin\/#breadcrumb\"},\"inLanguage\":\"pt-PT\",\"potentialAction\":[{\"@type\":\"ReadAction\",\"target\":[\"https:\/\/legitgrams.com\/product\/black-tar-heroin\/\"]}]},{\"@type\":\"ImageObject\",\"inLanguage\":\"pt-PT\",\"@id\":\"https:\/\/legitgrams.com\/product\/black-tar-heroin\/#primaryimage\",\"url\":\"https:\/\/legitgrams.com\/wp-content\/uploads\/2024\/09\/buy-Black-Tar-Heroin-online.jpg\",\"contentUrl\":\"https:\/\/legitgrams.com\/wp-content\/uploads\/2024\/09\/buy-Black-Tar-Heroin-online.jpg\",\"width\":600,\"height\":600,\"caption\":\"Black Tar Heroin for Sale\"},{\"@type\":\"BreadcrumbList\",\"@id\":\"https:\/\/legitgrams.com\/product\/black-tar-heroin\/#breadcrumb\",\"itemListElement\":[{\"@type\":\"ListItem\",\"position\":1,\"name\":\"Home\",\"item\":\"https:\/\/legitgrams.com\/\"},{\"@type\":\"ListItem\",\"position\":2,\"name\":\"Shop\",\"item\":\"https:\/\/legitgrams.com\/shop\/\"},{\"@type\":\"ListItem\",\"position\":3,\"name\":\"Buy Black Tar Heroin\"}]},{\"@type\":\"WebSite\",\"@id\":\"https:\/\/legitgrams.com\/#website\",\"url\":\"https:\/\/legitgrams.com\/\",\"name\":\"Legit Grams\",\"description\":\"My WordPress Blog\",\"publisher\":{\"@id\":\"https:\/\/legitgrams.com\/#organization\"},\"potentialAction\":[{\"@type\":\"SearchAction\",\"target\":{\"@type\":\"EntryPoint\",\"urlTemplate\":\"https:\/\/legitgrams.com\/?s={search_term_string}\"},\"query-input\":{\"@type\":\"PropertyValueSpecification\",\"valueRequired\":true,\"valueName\":\"search_term_string\"}}],\"inLanguage\":\"pt-PT\"},{\"@type\":\"Organization\",\"@id\":\"https:\/\/legitgrams.com\/#organization\",\"name\":\"Legit Grams\",\"url\":\"https:\/\/legitgrams.com\/\",\"logo\":{\"@type\":\"ImageObject\",\"inLanguage\":\"pt-PT\",\"@id\":\"https:\/\/legitgrams.com\/#\/schema\/logo\/image\/\",\"url\":\"https:\/\/legitgrams.com\/wp-content\/uploads\/2024\/09\/main-logo.png\",\"contentUrl\":\"https:\/\/legitgrams.com\/wp-content\/uploads\/2024\/09\/main-logo.png\",\"width\":270,\"height\":75,\"caption\":\"Legit Grams\"},\"image\":{\"@id\":\"https:\/\/legitgrams.com\/#\/schema\/logo\/image\/\"}}]}<\/script>\n<!-- \/ Yoast SEO plugin. -->","yoast_head_json":{"title":"Hero\u00edna de alcatr\u00e3o negro para venda - Comprar hero\u00edna de alcatr\u00e3o negro online","description":"Somos a principal loja dispon\u00edvel com hero\u00edna de alcatr\u00e3o preto para venda. Se deseja comprar hero\u00edna de alcatr\u00e3o negro online, contacte-nos de imediato e receba a encomenda.","robots":{"index":"index","follow":"follow","max-snippet":"max-snippet:-1","max-image-preview":"max-image-preview:large","max-video-preview":"max-video-preview:-1"},"canonical":"https:\/\/legitgrams.com\/pt\/produto\/heroina-de-alcatrao-negro\/","og_locale":"pt_PT","og_type":"article","og_title":"Black Tar Heroin for Sale - Buy Black Tar Heroin Online","og_description":"We are the leading store available with black tar heroin for sale. If you wish to buy black tar heroin online, contact us right away and get the order delivered.","og_url":"https:\/\/legitgrams.com\/pt\/produto\/heroina-de-alcatrao-negro\/","og_site_name":"Legit Grams","article_modified_time":"2026-02-28T13:42:55+00:00","og_image":[{"width":600,"height":600,"url":"https:\/\/legitgrams.com\/wp-content\/uploads\/2024\/09\/buy-Black-Tar-Heroin-online.jpg","type":"image\/jpeg"}],"twitter_card":"summary_large_image","twitter_misc":{"Tempo estimado de leitura":"1 minuto"},"schema":{"@context":"https:\/\/schema.org","@graph":[{"@type":"WebPage","@id":"https:\/\/legitgrams.com\/product\/black-tar-heroin\/","url":"https:\/\/legitgrams.com\/product\/black-tar-heroin\/","name":"Hero\u00edna de alcatr\u00e3o negro para venda - Comprar hero\u00edna de alcatr\u00e3o negro online","isPartOf":{"@id":"https:\/\/legitgrams.com\/#website"},"primaryImageOfPage":{"@id":"https:\/\/legitgrams.com\/product\/black-tar-heroin\/#primaryimage"},"image":{"@id":"https:\/\/legitgrams.com\/product\/black-tar-heroin\/#primaryimage"},"thumbnailUrl":"https:\/\/legitgrams.com\/wp-content\/uploads\/2024\/09\/buy-Black-Tar-Heroin-online.jpg","datePublished":"2024-09-22T10:02:37+00:00","dateModified":"2026-02-28T13:42:55+00:00","description":"Somos a principal loja dispon\u00edvel com hero\u00edna de alcatr\u00e3o preto para venda. Se deseja comprar hero\u00edna de alcatr\u00e3o negro online, contacte-nos de imediato e receba a encomenda.","breadcrumb":{"@id":"https:\/\/legitgrams.com\/product\/black-tar-heroin\/#breadcrumb"},"inLanguage":"pt-PT","potentialAction":[{"@type":"ReadAction","target":["https:\/\/legitgrams.com\/product\/black-tar-heroin\/"]}]},{"@type":"ImageObject","inLanguage":"pt-PT","@id":"https:\/\/legitgrams.com\/product\/black-tar-heroin\/#primaryimage","url":"https:\/\/legitgrams.com\/wp-content\/uploads\/2024\/09\/buy-Black-Tar-Heroin-online.jpg","contentUrl":"https:\/\/legitgrams.com\/wp-content\/uploads\/2024\/09\/buy-Black-Tar-Heroin-online.jpg","width":600,"height":600,"caption":"Black Tar Heroin for Sale"},{"@type":"BreadcrumbList","@id":"https:\/\/legitgrams.com\/product\/black-tar-heroin\/#breadcrumb","itemListElement":[{"@type":"ListItem","position":1,"name":"Home","item":"https:\/\/legitgrams.com\/"},{"@type":"ListItem","position":2,"name":"Shop","item":"https:\/\/legitgrams.com\/shop\/"},{"@type":"ListItem","position":3,"name":"Buy Black Tar Heroin"}]},{"@type":"WebSite","@id":"https:\/\/legitgrams.com\/#website","url":"https:\/\/legitgrams.com\/","name":"Gramas leg\u00edtimas","description":"O meu blogue WordPress","publisher":{"@id":"https:\/\/legitgrams.com\/#organization"},"potentialAction":[{"@type":"SearchAction","target":{"@type":"EntryPoint","urlTemplate":"https:\/\/legitgrams.com\/?s={search_term_string}"},"query-input":{"@type":"PropertyValueSpecification","valueRequired":true,"valueName":"search_term_string"}}],"inLanguage":"pt-PT"},{"@type":"Organization","@id":"https:\/\/legitgrams.com\/#organization","name":"Gramas leg\u00edtimas","url":"https:\/\/legitgrams.com\/","logo":{"@type":"ImageObject","inLanguage":"pt-PT","@id":"https:\/\/legitgrams.com\/#\/schema\/logo\/image\/","url":"https:\/\/legitgrams.com\/wp-content\/uploads\/2024\/09\/main-logo.png","contentUrl":"https:\/\/legitgrams.com\/wp-content\/uploads\/2024\/09\/main-logo.png","width":270,"height":75,"caption":"Legit Grams"},"image":{"@id":"https:\/\/legitgrams.com\/#\/schema\/logo\/image\/"}}]}},"uagb_featured_image_src":{"full":["https:\/\/legitgrams.com\/wp-content\/uploads\/2024\/09\/buy-Black-Tar-Heroin-online.jpg",600,600,false],"thumbnail":["https:\/\/legitgrams.com\/wp-content\/uploads\/2024\/09\/buy-Black-Tar-Heroin-online-150x150.jpg",150,150,true],"medium":["https:\/\/legitgrams.com\/wp-content\/uploads\/2024\/09\/buy-Black-Tar-Heroin-online-300x300.jpg",300,300,true],"medium_large":["https:\/\/legitgrams.com\/wp-content\/uploads\/2024\/09\/buy-Black-Tar-Heroin-online.jpg",600,600,false],"large":["https:\/\/legitgrams.com\/wp-content\/uploads\/2024\/09\/buy-Black-Tar-Heroin-online.jpg",600,600,false],"1536x1536":["https:\/\/legitgrams.com\/wp-content\/uploads\/2024\/09\/buy-Black-Tar-Heroin-online.jpg",600,600,false],"2048x2048":["https:\/\/legitgrams.com\/wp-content\/uploads\/2024\/09\/buy-Black-Tar-Heroin-online.jpg",600,600,false],"trp-custom-language-flag":["https:\/\/legitgrams.com\/wp-content\/uploads\/2024\/09\/buy-Black-Tar-Heroin-online-12x12.jpg",12,12,true],"woocommerce_thumbnail":["https:\/\/legitgrams.com\/wp-content\/uploads\/2024\/09\/buy-Black-Tar-Heroin-online-300x300.jpg",300,300,true],"woocommerce_single":["https:\/\/legitgrams.com\/wp-content\/uploads\/2024\/09\/buy-Black-Tar-Heroin-online.jpg",600,600,false],"woocommerce_gallery_thumbnail":["https:\/\/legitgrams.com\/wp-content\/uploads\/2024\/09\/buy-Black-Tar-Heroin-online-100x100.jpg",100,100,true]},"uagb_author_info":{"display_name":"cokeblog18","author_link":"https:\/\/legitgrams.com\/pt\/author\/"},"uagb_comment_info":0,"uagb_excerpt":"For Sale: Black Tar Heroin Black tar heroin, as the name implies, is a more potent form of the illegal narcotic with a sticky feel and look. In addition, it is black. In both the United States and Canada, the drug is primarily found west of the Mississippi River. Since it is the main export&hellip;","_links":{"self":[{"href":"https:\/\/legitgrams.com\/pt\/wp-json\/wp\/v2\/product\/4301","targetHints":{"allow":["GET"]}}],"collection":[{"href":"https:\/\/legitgrams.com\/pt\/wp-json\/wp\/v2\/product"}],"about":[{"href":"https:\/\/legitgrams.com\/pt\/wp-json\/wp\/v2\/types\/product"}],"replies":[{"embeddable":true,"href":"https:\/\/legitgrams.com\/pt\/wp-json\/wp\/v2\/comments?post=4301"}],"wp:featuredmedia":[{"embeddable":true,"href":"https:\/\/legitgrams.com\/pt\/wp-json\/wp\/v2\/media\/5335"}],"wp:attachment":[{"href":"https:\/\/legitgrams.com\/pt\/wp-json\/wp\/v2\/media?parent=4301"}],"wp:term":[{"taxonomy":"product_brand","embeddable":true,"href":"https:\/\/legitgrams.com\/pt\/wp-json\/wp\/v2\/product_brand?post=4301"},{"taxonomy":"product_cat","embeddable":true,"href":"https:\/\/legitgrams.com\/pt\/wp-json\/wp\/v2\/product_cat?post=4301"},{"taxonomy":"product_tag","embeddable":true,"href":"https:\/\/legitgrams.com\/pt\/wp-json\/wp\/v2\/product_tag?post=4301"}],"curies":[{"name":"wp","href":"https:\/\/api.w.org\/{rel}","templated":true}]}}