{"id":4309,"date":"2024-09-22T10:19:12","date_gmt":"2024-09-22T10:19:12","guid":{"rendered":"https:\/\/legitgrams.com\/?post_type=product&#038;p=4309"},"modified":"2026-02-26T12:31:36","modified_gmt":"2026-02-26T12:31:36","slug":"volkswagen-cocaine-90-pure","status":"publish","type":"product","link":"https:\/\/legitgrams.com\/pt\/produto\/volkswagen-cocaine-90-pure\/","title":{"rendered":"Buy Volkswagen Cocaine 90% pure Online"},"content":{"rendered":"<h2>Compre Volkswagen Coca\u00edna Online<\/h2>\n<p>Cerca de 70-90% de coca\u00edna pura constituem os componentes da Volkswagen coca\u00edna. Est\u00e1 classificada entre as variedades de coca\u00edna que se encontram habitualmente no mundo atual. Em muitas circunst\u00e2ncias, esta coca\u00edna funciona como um bloqueador ou um analg\u00e9sico.<\/p>\n<p>Uma das subst\u00e2ncias psicotr\u00f3picas mais utilizadas, tanto em contextos m\u00e9dicos como n\u00e3o m\u00e9dicos, \u00e9 <a href=\"https:\/\/en.wikipedia.org\/wiki\/Volkswagen\">Volkswagen<\/a> coca\u00edna. Em determinadas situa\u00e7\u00f5es, a coca\u00edna Volkswagen tem tamb\u00e9m propriedades estimulantes. Por este motivo, \u00e9 utilizada na produ\u00e7\u00e3o de v\u00e1rios produtos farmac\u00eauticos e medicamentos.<\/p>\n<h3>Como funciona a Volkswagen Coca\u00edna<\/h3>\n<p>Embora a quantidade de coca\u00edna pura em cada variedade varie, certas variedades de coca\u00edna s\u00e3o mais ben\u00e9ficas do que outras. A coca\u00edna Volkswagen tamb\u00e9m \u00e9 bastante ben\u00e9fica para o corpo humano de v\u00e1rias formas.<\/p>\n<p>Este material extremamente puro \u00e9 utilizado para um trabalho preciso e r\u00e1pido. Esta coca\u00edna afecta imediatamente o sistema nervoso central. Certas hormonas qu\u00edmicas que s\u00e3o utilizadas para reduzir a dor s\u00e3o estimuladas por esta coca\u00edna.<\/p>\n<p>Melhora tamb\u00e9m a liberta\u00e7\u00e3o de certos neurotransmissores do c\u00e9rebro. No entanto, em certos casos, tamb\u00e9m liberta subst\u00e2ncias qu\u00edmicas por si s\u00f3 para controlar a dor. Uma vez que funciona como um relaxante, a dor de qualquer tipo pode ser diminu\u00edda. Como resultado, as pessoas sentem um al\u00edvio das suas dores. <a href=\"https:\/\/legitgrams.com\/pt\/\">LegitGrams<\/a><\/p>\n<p>Este pr\u00f3-f\u00e1rmaco tamb\u00e9m pode ser utilizado para resolver o problema das ins\u00f3nias. O seu conte\u00fado cont\u00e9m uma pequena quantidade de medicamentos que induzem o sono.<\/p>\n<p>A coca\u00edna Volkswagen n\u00e3o s\u00f3 \u00e9 receitada, como tamb\u00e9m \u00e9 utilizada para muitos fins em clubes de dan\u00e7a por indiv\u00edduos comuns. Os utilizadores referem sentir-se mais alerta e animados ap\u00f3s a utiliza\u00e7\u00e3o deste medicamento, mas apenas temporariamente.<\/p>\n<p>A coca\u00edna Volkswagen \u00e9 uma droga muito pura, o que significa que o seu consumo prolongado pode ser prejudicial para a sa\u00fade. Por conseguinte, s\u00f3 deve ser utilizada de acordo com as necessidades do corpo humano.<\/p>\n<p>A coca\u00edna Volkswagen tamb\u00e9m est\u00e1 dispon\u00edvel para compra a um pre\u00e7o muito acess\u00edvel na nossa loja online. Com o nosso servi\u00e7o de envio, pode receber o seu artigo rapidamente. Os nossos qu\u00edmicos certificaram-se de que as condi\u00e7\u00f5es de armazenamento s\u00e3o de um tipo que n\u00e3o pode alterar a sua pureza devido a qualquer fator.<\/p>\n<p><a href=\"https:\/\/legitgrams.com\/pt\/produto\/volkswagen-cocaine-90-pure\/\">Comprar VW Cocaine Online<\/a> 90% Pure - Comprar VW Coca\u00edna, Comprar VW Coca\u00edna Online 90% Pure, Comprar VW Coca\u00edna Online, Onde Comprar VW Coca\u00edna Online 90% Pure, Onde Comprar VW Coca\u00edna Online 90% Pure, Comprar VW Coca\u00edna Online 90% Pure, Comprar VW Cocaine Online 90% Pure, Comprar VW Cocaine Online, Onde comprar VW Cocaine Online, Comprar VW Cocaine Online 90% Pure para venda nos EUA, Canad\u00e1, Reino Unido, Comprar, Online, Fornecedores, Entrega segura, 90% pure Volkswagen Cocaine ainda est\u00e1 dispon\u00edvel online. \u00c9 legal comprar 90% pure Volkswagen Cocaine Online nos Estados Unidos? Como posso fazer um pedido de 90% pure Volkswagen Cocaine Online? O 90% pure Volkswagen Cocaine Online \u00e9 legal no Canad\u00e1?<\/p>","protected":false},"excerpt":{"rendered":"<p>Purchase Volkswagen Cocaine Online Nearly 70\u201390% pure cocaine makes up Volkswagen cocaine&#8217;s components. It is ranked among the varieties of cocaine that are typically found in today&#8217;s world. In many circumstances, this cocaine works as a blocker or a pain reliever. One of the most psychotropic substances utilized in both medical and non-medical contexts is &hellip;<\/p>\n<p class=\"read-more\"> <a class=\"\" href=\"https:\/\/legitgrams.com\/pt\/produto\/volkswagen-cocaine-90-pure\/\"> <span class=\"screen-reader-text\">Buy Volkswagen Cocaine 90% pure Online<\/span> Ler mais \"<\/a><\/p>","protected":false},"featured_media":5332,"comment_status":"open","ping_status":"closed","template":"","meta":{"_uag_custom_page_level_css":"","site-sidebar-layout":"default","site-content-layout":"default","ast-global-header-display":"","ast-main-header-display":"","ast-hfb-above-header-display":"","ast-hfb-below-header-display":"","ast-hfb-mobile-header-display":"","site-post-title":"","ast-breadcrumbs-content":"","ast-featured-img":"","footer-sml-layout":"","theme-transparent-header-meta":"default","adv-header-id-meta":"","stick-header-meta":"default","header-above-stick-meta":"","header-main-stick-meta":"","header-below-stick-meta":"","_joinchat":[]},"product_brand":[],"product_cat":[70],"product_tag":[970,960,617,952,967,964,959,957,969,966,625,951,954,962,953,965,972,955,973,971,963,968,958,961,956],"class_list":{"0":"post-4309","1":"product","2":"type-product","3":"status-publish","4":"has-post-thumbnail","6":"product_cat-cocaine","7":"product_tag-best-cheap-price-volkswagen-cocaine-90-pure","8":"product_tag-best-place-to-buy-volkswagen-cocaine-90-pure","9":"product_tag-bulk-online","10":"product_tag-buy-volkswagen-cocaine-90-pure","11":"product_tag-cheap-volkswagen-cocaine-90-pure","12":"product_tag-high-quality-volkswagen-cocaine-90-pure","13":"product_tag-how-to-buy-volkswagen-cocaine-90-pure","14":"product_tag-order-volkswagen-cocaine-90-pure","15":"product_tag-purcharse-volkswagen-cocaine-90-pure","16":"product_tag-shop-volkswagen-cocaine-90-pure","17":"product_tag-top-quality","18":"product_tag-volkswagen-cocaine-90-pure","19":"product_tag-volkswagen-cocaine-90-pure-for-sale","20":"product_tag-volkswagen-cocaine-90-pure-legally","21":"product_tag-volkswagen-cocaine-90-pure-online","22":"product_tag-volkswagen-cocaine-90-pure-store","23":"product_tag-volkswagen-cocaine-90-pure-use","24":"product_tag-volkswagen-cocaine-90-pure-volkswagen-cocaine-90-pure-supplier","25":"product_tag-volkswagen-cocaine-90-pure-wiki","26":"product_tag-volkswagen-cocaine-90-pure-worldwide","27":"product_tag-volkswagen-cocaine-90-pureprice","28":"product_tag-volkswagen-cocaine-90-pures","29":"product_tag-where-to-buy-volkswagen-cocaine-90-pure","30":"product_tag-where-to-order-volkswagen-cocaine-90-pure","31":"product_tag-wholesale-volkswagen-cocaine-90-pure","32":"desktop-align-left","33":"tablet-align-left","34":"mobile-align-left","35":"ast-product-gallery-layout-horizontal","36":"ast-product-gallery-with-no-image","37":"ast-product-single-variable","38":"ast-product-tabs-layout-horizontal","39":"ast-qv-on-image","41":"first","42":"instock","43":"shipping-taxable","44":"purchasable","45":"product-type-variable"},"yoast_head":"<!-- This site is optimized with the Yoast SEO plugin v25.9 - https:\/\/yoast.com\/wordpress\/plugins\/seo\/ -->\n<title>Volkswagen Cocaine for Sale - Buy Volkswagen Cocaine Online<\/title>\n<meta name=\"description\" content=\"Looking to further your research? buy volkswagen cocaine 90% pure conveniently and securely online, with a straightforward ordering process for volkswagen cocaine powder for sale.\" \/>\n<meta name=\"robots\" content=\"index, follow, max-snippet:-1, max-image-preview:large, max-video-preview:-1\" \/>\n<link rel=\"canonical\" href=\"https:\/\/legitgrams.com\/pt\/produto\/volkswagen-cocaine-90-pure\/\" \/>\n<meta property=\"og:locale\" content=\"pt_PT\" \/>\n<meta property=\"og:type\" content=\"article\" \/>\n<meta property=\"og:title\" content=\"Volkswagen Cocaine for Sale - Buy Volkswagen Cocaine Online\" \/>\n<meta property=\"og:description\" content=\"Looking to further your research? buy volkswagen cocaine 90% pure conveniently and securely online, with a straightforward ordering process for volkswagen cocaine powder for sale.\" \/>\n<meta property=\"og:url\" content=\"https:\/\/legitgrams.com\/pt\/produto\/volkswagen-cocaine-90-pure\/\" \/>\n<meta property=\"og:site_name\" content=\"Legit Grams\" \/>\n<meta property=\"article:modified_time\" content=\"2026-02-26T12:31:36+00:00\" \/>\n<meta property=\"og:image\" content=\"https:\/\/legitgrams.com\/wp-content\/uploads\/2024\/09\/buy-volkswagen-cocaine-online-90-pure-1.jpg\" \/>\n\t<meta property=\"og:image:width\" content=\"600\" \/>\n\t<meta property=\"og:image:height\" content=\"600\" \/>\n\t<meta property=\"og:image:type\" content=\"image\/jpeg\" \/>\n<meta name=\"twitter:card\" content=\"summary_large_image\" \/>\n<meta name=\"twitter:label1\" content=\"Tempo estimado de leitura\" \/>\n\t<meta name=\"twitter:data1\" content=\"3 minutos\" \/>\n<script type=\"application\/ld+json\" class=\"yoast-schema-graph\">{\"@context\":\"https:\/\/schema.org\",\"@graph\":[{\"@type\":\"WebPage\",\"@id\":\"https:\/\/legitgrams.com\/product\/volkswagen-cocaine-90-pure\/\",\"url\":\"https:\/\/legitgrams.com\/product\/volkswagen-cocaine-90-pure\/\",\"name\":\"Volkswagen Cocaine for Sale - Buy Volkswagen Cocaine Online\",\"isPartOf\":{\"@id\":\"https:\/\/legitgrams.com\/#website\"},\"primaryImageOfPage\":{\"@id\":\"https:\/\/legitgrams.com\/product\/volkswagen-cocaine-90-pure\/#primaryimage\"},\"image\":{\"@id\":\"https:\/\/legitgrams.com\/product\/volkswagen-cocaine-90-pure\/#primaryimage\"},\"thumbnailUrl\":\"https:\/\/legitgrams.com\/wp-content\/uploads\/2024\/09\/buy-volkswagen-cocaine-online-90-pure-1.jpg\",\"datePublished\":\"2024-09-22T10:19:12+00:00\",\"dateModified\":\"2026-02-26T12:31:36+00:00\",\"description\":\"Looking to further your research? buy volkswagen cocaine 90% pure conveniently and securely online, with a straightforward ordering process for volkswagen cocaine powder for sale.\",\"breadcrumb\":{\"@id\":\"https:\/\/legitgrams.com\/product\/volkswagen-cocaine-90-pure\/#breadcrumb\"},\"inLanguage\":\"pt-PT\",\"potentialAction\":[{\"@type\":\"ReadAction\",\"target\":[\"https:\/\/legitgrams.com\/product\/volkswagen-cocaine-90-pure\/\"]}]},{\"@type\":\"ImageObject\",\"inLanguage\":\"pt-PT\",\"@id\":\"https:\/\/legitgrams.com\/product\/volkswagen-cocaine-90-pure\/#primaryimage\",\"url\":\"https:\/\/legitgrams.com\/wp-content\/uploads\/2024\/09\/buy-volkswagen-cocaine-online-90-pure-1.jpg\",\"contentUrl\":\"https:\/\/legitgrams.com\/wp-content\/uploads\/2024\/09\/buy-volkswagen-cocaine-online-90-pure-1.jpg\",\"width\":600,\"height\":600,\"caption\":\"Volkswagen Cocaine for Sale\"},{\"@type\":\"BreadcrumbList\",\"@id\":\"https:\/\/legitgrams.com\/product\/volkswagen-cocaine-90-pure\/#breadcrumb\",\"itemListElement\":[{\"@type\":\"ListItem\",\"position\":1,\"name\":\"Home\",\"item\":\"https:\/\/legitgrams.com\/\"},{\"@type\":\"ListItem\",\"position\":2,\"name\":\"Shop\",\"item\":\"https:\/\/legitgrams.com\/shop\/\"},{\"@type\":\"ListItem\",\"position\":3,\"name\":\"Buy Volkswagen Cocaine 90% pure Online\"}]},{\"@type\":\"WebSite\",\"@id\":\"https:\/\/legitgrams.com\/#website\",\"url\":\"https:\/\/legitgrams.com\/\",\"name\":\"Legit Grams\",\"description\":\"My WordPress Blog\",\"publisher\":{\"@id\":\"https:\/\/legitgrams.com\/#organization\"},\"potentialAction\":[{\"@type\":\"SearchAction\",\"target\":{\"@type\":\"EntryPoint\",\"urlTemplate\":\"https:\/\/legitgrams.com\/?s={search_term_string}\"},\"query-input\":{\"@type\":\"PropertyValueSpecification\",\"valueRequired\":true,\"valueName\":\"search_term_string\"}}],\"inLanguage\":\"pt-PT\"},{\"@type\":\"Organization\",\"@id\":\"https:\/\/legitgrams.com\/#organization\",\"name\":\"Legit Grams\",\"url\":\"https:\/\/legitgrams.com\/\",\"logo\":{\"@type\":\"ImageObject\",\"inLanguage\":\"pt-PT\",\"@id\":\"https:\/\/legitgrams.com\/#\/schema\/logo\/image\/\",\"url\":\"https:\/\/legitgrams.com\/wp-content\/uploads\/2024\/09\/main-logo.png\",\"contentUrl\":\"https:\/\/legitgrams.com\/wp-content\/uploads\/2024\/09\/main-logo.png\",\"width\":270,\"height\":75,\"caption\":\"Legit Grams\"},\"image\":{\"@id\":\"https:\/\/legitgrams.com\/#\/schema\/logo\/image\/\"}}]}<\/script>\n<!-- \/ Yoast SEO plugin. -->","yoast_head_json":{"title":"Volkswagen Coca\u00edna \u00e0 venda - Compre Volkswagen Coca\u00edna Online","description":"Comprar volkswagen coca\u00edna 90% pura de forma conveniente e segura online, com um processo de encomenda simples para volkswagen coca\u00edna em p\u00f3 para venda.","robots":{"index":"index","follow":"follow","max-snippet":"max-snippet:-1","max-image-preview":"max-image-preview:large","max-video-preview":"max-video-preview:-1"},"canonical":"https:\/\/legitgrams.com\/pt\/produto\/volkswagen-cocaine-90-pure\/","og_locale":"pt_PT","og_type":"article","og_title":"Volkswagen Cocaine for Sale - Buy Volkswagen Cocaine Online","og_description":"Looking to further your research? buy volkswagen cocaine 90% pure conveniently and securely online, with a straightforward ordering process for volkswagen cocaine powder for sale.","og_url":"https:\/\/legitgrams.com\/pt\/produto\/volkswagen-cocaine-90-pure\/","og_site_name":"Legit Grams","article_modified_time":"2026-02-26T12:31:36+00:00","og_image":[{"width":600,"height":600,"url":"https:\/\/legitgrams.com\/wp-content\/uploads\/2024\/09\/buy-volkswagen-cocaine-online-90-pure-1.jpg","type":"image\/jpeg"}],"twitter_card":"summary_large_image","twitter_misc":{"Tempo estimado de leitura":"3 minutos"},"schema":{"@context":"https:\/\/schema.org","@graph":[{"@type":"WebPage","@id":"https:\/\/legitgrams.com\/product\/volkswagen-cocaine-90-pure\/","url":"https:\/\/legitgrams.com\/product\/volkswagen-cocaine-90-pure\/","name":"Volkswagen Coca\u00edna \u00e0 venda - Compre Volkswagen Coca\u00edna Online","isPartOf":{"@id":"https:\/\/legitgrams.com\/#website"},"primaryImageOfPage":{"@id":"https:\/\/legitgrams.com\/product\/volkswagen-cocaine-90-pure\/#primaryimage"},"image":{"@id":"https:\/\/legitgrams.com\/product\/volkswagen-cocaine-90-pure\/#primaryimage"},"thumbnailUrl":"https:\/\/legitgrams.com\/wp-content\/uploads\/2024\/09\/buy-volkswagen-cocaine-online-90-pure-1.jpg","datePublished":"2024-09-22T10:19:12+00:00","dateModified":"2026-02-26T12:31:36+00:00","description":"Comprar volkswagen coca\u00edna 90% pura de forma conveniente e segura online, com um processo de encomenda simples para volkswagen coca\u00edna em p\u00f3 para venda.","breadcrumb":{"@id":"https:\/\/legitgrams.com\/product\/volkswagen-cocaine-90-pure\/#breadcrumb"},"inLanguage":"pt-PT","potentialAction":[{"@type":"ReadAction","target":["https:\/\/legitgrams.com\/product\/volkswagen-cocaine-90-pure\/"]}]},{"@type":"ImageObject","inLanguage":"pt-PT","@id":"https:\/\/legitgrams.com\/product\/volkswagen-cocaine-90-pure\/#primaryimage","url":"https:\/\/legitgrams.com\/wp-content\/uploads\/2024\/09\/buy-volkswagen-cocaine-online-90-pure-1.jpg","contentUrl":"https:\/\/legitgrams.com\/wp-content\/uploads\/2024\/09\/buy-volkswagen-cocaine-online-90-pure-1.jpg","width":600,"height":600,"caption":"Volkswagen Cocaine for Sale"},{"@type":"BreadcrumbList","@id":"https:\/\/legitgrams.com\/product\/volkswagen-cocaine-90-pure\/#breadcrumb","itemListElement":[{"@type":"ListItem","position":1,"name":"Home","item":"https:\/\/legitgrams.com\/"},{"@type":"ListItem","position":2,"name":"Shop","item":"https:\/\/legitgrams.com\/shop\/"},{"@type":"ListItem","position":3,"name":"Buy Volkswagen Cocaine 90% pure Online"}]},{"@type":"WebSite","@id":"https:\/\/legitgrams.com\/#website","url":"https:\/\/legitgrams.com\/","name":"Gramas leg\u00edtimas","description":"O meu blogue WordPress","publisher":{"@id":"https:\/\/legitgrams.com\/#organization"},"potentialAction":[{"@type":"SearchAction","target":{"@type":"EntryPoint","urlTemplate":"https:\/\/legitgrams.com\/?s={search_term_string}"},"query-input":{"@type":"PropertyValueSpecification","valueRequired":true,"valueName":"search_term_string"}}],"inLanguage":"pt-PT"},{"@type":"Organization","@id":"https:\/\/legitgrams.com\/#organization","name":"Gramas leg\u00edtimas","url":"https:\/\/legitgrams.com\/","logo":{"@type":"ImageObject","inLanguage":"pt-PT","@id":"https:\/\/legitgrams.com\/#\/schema\/logo\/image\/","url":"https:\/\/legitgrams.com\/wp-content\/uploads\/2024\/09\/main-logo.png","contentUrl":"https:\/\/legitgrams.com\/wp-content\/uploads\/2024\/09\/main-logo.png","width":270,"height":75,"caption":"Legit Grams"},"image":{"@id":"https:\/\/legitgrams.com\/#\/schema\/logo\/image\/"}}]}},"uagb_featured_image_src":{"full":["https:\/\/legitgrams.com\/wp-content\/uploads\/2024\/09\/buy-volkswagen-cocaine-online-90-pure-1.jpg",600,600,false],"thumbnail":["https:\/\/legitgrams.com\/wp-content\/uploads\/2024\/09\/buy-volkswagen-cocaine-online-90-pure-1-150x150.jpg",150,150,true],"medium":["https:\/\/legitgrams.com\/wp-content\/uploads\/2024\/09\/buy-volkswagen-cocaine-online-90-pure-1-300x300.jpg",300,300,true],"medium_large":["https:\/\/legitgrams.com\/wp-content\/uploads\/2024\/09\/buy-volkswagen-cocaine-online-90-pure-1.jpg",600,600,false],"large":["https:\/\/legitgrams.com\/wp-content\/uploads\/2024\/09\/buy-volkswagen-cocaine-online-90-pure-1.jpg",600,600,false],"1536x1536":["https:\/\/legitgrams.com\/wp-content\/uploads\/2024\/09\/buy-volkswagen-cocaine-online-90-pure-1.jpg",600,600,false],"2048x2048":["https:\/\/legitgrams.com\/wp-content\/uploads\/2024\/09\/buy-volkswagen-cocaine-online-90-pure-1.jpg",600,600,false],"trp-custom-language-flag":["https:\/\/legitgrams.com\/wp-content\/uploads\/2024\/09\/buy-volkswagen-cocaine-online-90-pure-1-12x12.jpg",12,12,true],"woocommerce_thumbnail":["https:\/\/legitgrams.com\/wp-content\/uploads\/2024\/09\/buy-volkswagen-cocaine-online-90-pure-1-300x300.jpg",300,300,true],"woocommerce_single":["https:\/\/legitgrams.com\/wp-content\/uploads\/2024\/09\/buy-volkswagen-cocaine-online-90-pure-1.jpg",600,600,false],"woocommerce_gallery_thumbnail":["https:\/\/legitgrams.com\/wp-content\/uploads\/2024\/09\/buy-volkswagen-cocaine-online-90-pure-1-100x100.jpg",100,100,true]},"uagb_author_info":{"display_name":"cokeblog18","author_link":"https:\/\/legitgrams.com\/pt\/author\/"},"uagb_comment_info":0,"uagb_excerpt":"Purchase Volkswagen Cocaine Online Nearly 70\u201390% pure cocaine makes up Volkswagen cocaine&#8217;s components. It is ranked among the varieties of cocaine that are typically found in today&#8217;s world. In many circumstances, this cocaine works as a blocker or a pain reliever. One of the most psychotropic substances utilized in both medical and non-medical contexts is&hellip;","_links":{"self":[{"href":"https:\/\/legitgrams.com\/pt\/wp-json\/wp\/v2\/product\/4309","targetHints":{"allow":["GET"]}}],"collection":[{"href":"https:\/\/legitgrams.com\/pt\/wp-json\/wp\/v2\/product"}],"about":[{"href":"https:\/\/legitgrams.com\/pt\/wp-json\/wp\/v2\/types\/product"}],"replies":[{"embeddable":true,"href":"https:\/\/legitgrams.com\/pt\/wp-json\/wp\/v2\/comments?post=4309"}],"wp:featuredmedia":[{"embeddable":true,"href":"https:\/\/legitgrams.com\/pt\/wp-json\/wp\/v2\/media\/5332"}],"wp:attachment":[{"href":"https:\/\/legitgrams.com\/pt\/wp-json\/wp\/v2\/media?parent=4309"}],"wp:term":[{"taxonomy":"product_brand","embeddable":true,"href":"https:\/\/legitgrams.com\/pt\/wp-json\/wp\/v2\/product_brand?post=4309"},{"taxonomy":"product_cat","embeddable":true,"href":"https:\/\/legitgrams.com\/pt\/wp-json\/wp\/v2\/product_cat?post=4309"},{"taxonomy":"product_tag","embeddable":true,"href":"https:\/\/legitgrams.com\/pt\/wp-json\/wp\/v2\/product_tag?post=4309"}],"curies":[{"name":"wp","href":"https:\/\/api.w.org\/{rel}","templated":true}]}}