{"id":4310,"date":"2024-09-22T10:20:55","date_gmt":"2024-09-22T10:20:55","guid":{"rendered":"https:\/\/legitgrams.com\/?post_type=product&#038;p=4310"},"modified":"2026-02-26T12:28:36","modified_gmt":"2026-02-26T12:28:36","slug":"buy-colombian-cocaine-96-pure-online","status":"publish","type":"product","link":"https:\/\/legitgrams.com\/pt\/produto\/buy-colombian-cocaine-96-pure-online\/","title":{"rendered":"Buy Colombian Cocaine 96% Pure Online"},"content":{"rendered":"<h2>Compre Coca\u00edna Colombiana 96% Pura Online<\/h2>\n<p>A coca\u00edna colombiana \u00e9 um dos tipos mais conhecidos e vantajosos de coca\u00edna dispon\u00edveis no mundo todo. Um dos pa\u00edses que fornece a coca\u00edna mais pura do mundo \u00e9 a Col\u00f4mbia.<\/p>\n<p>Na Col\u00f4mbia, a primeira coca\u00edna foi produzida entre 1960 e 1970. Nessa altura, n\u00e3o existia um m\u00e9todo legal de produ\u00e7\u00e3o de coca\u00edna nos Estados Unidos. O <a href=\"https:\/\/legitgrams.com\/pt\/produto\/buy-colombian-cocaine-96-pure-online\/\">Colombianos<\/a> come\u00e7ou a fertilizar as plantas que produziam o tipo mais puro de coca\u00edna.<\/p>\n<p>Come\u00e7aram a vender coca\u00edna a pre\u00e7os muito acess\u00edveis em todo o mundo. Devido \u00e0s in\u00fameras aplica\u00e7\u00f5es e \u00e0 pureza da coca\u00edna, muitas pessoas compraram-na.<\/p>\n<p>Um dos tipos de coca\u00edna mais puros do mundo \u00e9 <a href=\"https:\/\/en.wikipedia.org\/wiki\/Cocaine\">Coca\u00edna colombiana - 96<\/a> puro. O seu enorme potencial de a\u00e7\u00e3o no corpo humano resulta da sua pureza. Actua tamb\u00e9m no sistema nervoso central para provocar os efeitos desejados, tal como os outros tipos de coca\u00edna.<\/p>\n<p>No entanto, a sua a\u00e7\u00e3o \u00e9 muito mais r\u00e1pida do que a de outros tipos de coca\u00edna. Permite ao corpo descomprimir, apagando os problemas da vida. Permite que o corpo adquira o tipo certo de sono que acalma a mente.<\/p>\n<p>Os m\u00e9dicos tamb\u00e9m utilizam a coca\u00edna colombiana pura-96, combinando-a com v\u00e1rias subst\u00e2ncias que promovem a sa\u00fade humana. Isto est\u00e1 a ser usado por pessoas para tratar uma variedade de doen\u00e7as, incluindo ansiedade e desespero. <a href=\"https:\/\/legitgrams.com\/pt\/\">LegitGrams<\/a><\/p>\n<p>Tamb\u00e9m \u00e9 utilizado para aliviar qualquer tipo de desconforto. Isto refere-se a dores que podem resultar de doen\u00e7as cr\u00f3nicas ou de incidentes s\u00fabitos. Para encontrar um rem\u00e9dio, os m\u00e9dicos est\u00e3o a prescrever este medicamento como rem\u00e9dio. O uso generalizado da Coca\u00edna Colombiana 96 pode ser atribu\u00eddo a estas carater\u00edsticas.<\/p>\n<p>Lidamos com uma grande variedade de pr\u00f3-drogas, produtos farmac\u00eauticos e medicamentos na nossa loja online. Al\u00e9m disso, vendemos coca\u00edna-96 colombiana pura a pre\u00e7os extremamente competitivos. Al\u00e9m disso, fornecemos remessa r\u00e1pida de mercadorias de nossa loja. Os melhores sais de banho K2 tamb\u00e9m est\u00e3o dispon\u00edveis aqui.<\/p>","protected":false},"excerpt":{"rendered":"<p>Purchase 96% Pure Colombian Cocaine Online Colombian cocaine is one of the most well-known and advantageous types of cocaine available worldwide. One of the countries that supplies the most pure cocaine in the world is Colombia. In Colombia, the first cocaine was produced between 1960 and 1970. At the time, there was no legal method &hellip;<\/p>\n<p class=\"read-more\"> <a class=\"\" href=\"https:\/\/legitgrams.com\/pt\/produto\/buy-colombian-cocaine-96-pure-online\/\"> <span class=\"screen-reader-text\">Buy Colombian Cocaine 96% Pure Online<\/span> Ler mais \"<\/a><\/p>","protected":false},"featured_media":5331,"comment_status":"open","ping_status":"closed","template":"","meta":{"_uag_custom_page_level_css":"","site-sidebar-layout":"default","site-content-layout":"default","ast-global-header-display":"","ast-main-header-display":"","ast-hfb-above-header-display":"","ast-hfb-below-header-display":"","ast-hfb-mobile-header-display":"","site-post-title":"","ast-breadcrumbs-content":"","ast-featured-img":"","footer-sml-layout":"","theme-transparent-header-meta":"default","adv-header-id-meta":"","stick-header-meta":"default","header-above-stick-meta":"","header-main-stick-meta":"","header-below-stick-meta":"","_joinchat":[]},"product_brand":[],"product_cat":[70],"product_tag":[706,696,617,687,703,700,695,692,705,686,710,698,693,708,709,707,689,688,699,690,704,701,702,625,694,697,691],"class_list":{"0":"post-4310","1":"product","2":"type-product","3":"status-publish","4":"has-post-thumbnail","6":"product_cat-cocaine","7":"product_tag-best-cheap-price-pure-colombian-cocaine-96-pure","8":"product_tag-best-place-to-buy-pure-colombian-cocaine-96-pure","9":"product_tag-bulk-online","10":"product_tag-buy-pure-colombian-cocaine-96-pure","11":"product_tag-cheap-pure-colombian-cocaine-96-pure","12":"product_tag-high-quality-pure-colombian-cocaine-96-pure","13":"product_tag-how-to-buy-pure-colombian-cocaine-96-pure","14":"product_tag-order-pure-colombian-cocaine-96-pure","15":"product_tag-purcharse-pure-colombian-cocaine-96-pure","16":"product_tag-pure-colombian-cocaine-96-pure","17":"product_tag-pure-colombian-cocaine-96-pure-for-sale","18":"product_tag-pure-colombian-cocaine-96-pure-legally","19":"product_tag-pure-colombian-cocaine-96-pure-online","20":"product_tag-pure-colombian-cocaine-96-pure-use","21":"product_tag-pure-colombian-cocaine-96-pure-wiki","22":"product_tag-pure-colombian-cocaine-96-pure-worldwide","23":"product_tag-pure-colombian-cocaine-96-purefor-sale","24":"product_tag-pure-colombian-cocaine-96-pureonline","25":"product_tag-pure-colombian-cocaine-96-pureprice","26":"product_tag-pure-colombian-cocaine-96-purepure-colombian-cocaine-96-puresupplier","27":"product_tag-pure-colombian-cocaine-96-pures","28":"product_tag-pure-colombian-cocaine-96-purestore","29":"product_tag-shop-pure-colombian-cocaine-96-pure","30":"product_tag-top-quality","31":"product_tag-where-to-buy-pure-colombian-cocaine-96-pure","32":"product_tag-where-to-order-pure-colombian-cocaine-96-pure","33":"product_tag-wholesale-pure-colombian-cocaine-96-pure","34":"desktop-align-left","35":"tablet-align-left","36":"mobile-align-left","37":"ast-product-gallery-layout-horizontal","38":"ast-product-gallery-with-no-image","39":"ast-product-single-variable","40":"ast-product-tabs-layout-horizontal","41":"ast-qv-on-image","43":"first","44":"instock","45":"shipping-taxable","46":"purchasable","47":"product-type-variable"},"yoast_head":"<!-- This site is optimized with the Yoast SEO plugin v25.9 - https:\/\/yoast.com\/wordpress\/plugins\/seo\/ -->\n<title>Buy Colombian Cocaine Online @ Best Price | LegitGrams<\/title>\n<meta name=\"description\" content=\"Looking to buy colombian cocaine online? Discover a seamless platform at our online store where you can buy pure colombian cocaine , ensuring top-grade quality for your research needs.\" \/>\n<meta name=\"robots\" content=\"index, follow, max-snippet:-1, max-image-preview:large, max-video-preview:-1\" \/>\n<link rel=\"canonical\" href=\"https:\/\/legitgrams.com\/pt\/produto\/buy-colombian-cocaine-96-pure-online\/\" \/>\n<meta property=\"og:locale\" content=\"pt_PT\" \/>\n<meta property=\"og:type\" content=\"article\" \/>\n<meta property=\"og:title\" content=\"Buy Colombian Cocaine Online @ Best Price | LegitGrams\" \/>\n<meta property=\"og:description\" content=\"Looking to buy colombian cocaine online? Discover a seamless platform at our online store where you can buy pure colombian cocaine , ensuring top-grade quality for your research needs.\" \/>\n<meta property=\"og:url\" content=\"https:\/\/legitgrams.com\/pt\/produto\/buy-colombian-cocaine-96-pure-online\/\" \/>\n<meta property=\"og:site_name\" content=\"Legit Grams\" \/>\n<meta property=\"article:modified_time\" content=\"2026-02-26T12:28:36+00:00\" \/>\n<meta property=\"og:image\" content=\"https:\/\/legitgrams.com\/wp-content\/uploads\/2024\/09\/Buy-Columbian-cocaine-96-pure.jpg\" \/>\n\t<meta property=\"og:image:width\" content=\"600\" \/>\n\t<meta property=\"og:image:height\" content=\"600\" \/>\n\t<meta property=\"og:image:type\" content=\"image\/jpeg\" \/>\n<meta name=\"twitter:card\" content=\"summary_large_image\" \/>\n<meta name=\"twitter:label1\" content=\"Tempo estimado de leitura\" \/>\n\t<meta name=\"twitter:data1\" content=\"2 minutos\" \/>\n<script type=\"application\/ld+json\" class=\"yoast-schema-graph\">{\"@context\":\"https:\/\/schema.org\",\"@graph\":[{\"@type\":\"WebPage\",\"@id\":\"https:\/\/legitgrams.com\/product\/buy-colombian-cocaine-96-pure-online\/\",\"url\":\"https:\/\/legitgrams.com\/product\/buy-colombian-cocaine-96-pure-online\/\",\"name\":\"Buy Colombian Cocaine Online @ Best Price | LegitGrams\",\"isPartOf\":{\"@id\":\"https:\/\/legitgrams.com\/#website\"},\"primaryImageOfPage\":{\"@id\":\"https:\/\/legitgrams.com\/product\/buy-colombian-cocaine-96-pure-online\/#primaryimage\"},\"image\":{\"@id\":\"https:\/\/legitgrams.com\/product\/buy-colombian-cocaine-96-pure-online\/#primaryimage\"},\"thumbnailUrl\":\"https:\/\/legitgrams.com\/wp-content\/uploads\/2024\/09\/Buy-Columbian-cocaine-96-pure.jpg\",\"datePublished\":\"2024-09-22T10:20:55+00:00\",\"dateModified\":\"2026-02-26T12:28:36+00:00\",\"description\":\"Looking to buy colombian cocaine online? Discover a seamless platform at our online store where you can buy pure colombian cocaine , ensuring top-grade quality for your research needs.\",\"breadcrumb\":{\"@id\":\"https:\/\/legitgrams.com\/product\/buy-colombian-cocaine-96-pure-online\/#breadcrumb\"},\"inLanguage\":\"pt-PT\",\"potentialAction\":[{\"@type\":\"ReadAction\",\"target\":[\"https:\/\/legitgrams.com\/product\/buy-colombian-cocaine-96-pure-online\/\"]}]},{\"@type\":\"ImageObject\",\"inLanguage\":\"pt-PT\",\"@id\":\"https:\/\/legitgrams.com\/product\/buy-colombian-cocaine-96-pure-online\/#primaryimage\",\"url\":\"https:\/\/legitgrams.com\/wp-content\/uploads\/2024\/09\/Buy-Columbian-cocaine-96-pure.jpg\",\"contentUrl\":\"https:\/\/legitgrams.com\/wp-content\/uploads\/2024\/09\/Buy-Columbian-cocaine-96-pure.jpg\",\"width\":600,\"height\":600,\"caption\":\"Buy Colombian Cocaine 96% Pure Online\"},{\"@type\":\"BreadcrumbList\",\"@id\":\"https:\/\/legitgrams.com\/product\/buy-colombian-cocaine-96-pure-online\/#breadcrumb\",\"itemListElement\":[{\"@type\":\"ListItem\",\"position\":1,\"name\":\"Home\",\"item\":\"https:\/\/legitgrams.com\/\"},{\"@type\":\"ListItem\",\"position\":2,\"name\":\"Shop\",\"item\":\"https:\/\/legitgrams.com\/shop\/\"},{\"@type\":\"ListItem\",\"position\":3,\"name\":\"Buy Colombian Cocaine 96% Pure Online\"}]},{\"@type\":\"WebSite\",\"@id\":\"https:\/\/legitgrams.com\/#website\",\"url\":\"https:\/\/legitgrams.com\/\",\"name\":\"Legit Grams\",\"description\":\"My WordPress Blog\",\"publisher\":{\"@id\":\"https:\/\/legitgrams.com\/#organization\"},\"potentialAction\":[{\"@type\":\"SearchAction\",\"target\":{\"@type\":\"EntryPoint\",\"urlTemplate\":\"https:\/\/legitgrams.com\/?s={search_term_string}\"},\"query-input\":{\"@type\":\"PropertyValueSpecification\",\"valueRequired\":true,\"valueName\":\"search_term_string\"}}],\"inLanguage\":\"pt-PT\"},{\"@type\":\"Organization\",\"@id\":\"https:\/\/legitgrams.com\/#organization\",\"name\":\"Legit Grams\",\"url\":\"https:\/\/legitgrams.com\/\",\"logo\":{\"@type\":\"ImageObject\",\"inLanguage\":\"pt-PT\",\"@id\":\"https:\/\/legitgrams.com\/#\/schema\/logo\/image\/\",\"url\":\"https:\/\/legitgrams.com\/wp-content\/uploads\/2024\/09\/main-logo.png\",\"contentUrl\":\"https:\/\/legitgrams.com\/wp-content\/uploads\/2024\/09\/main-logo.png\",\"width\":270,\"height\":75,\"caption\":\"Legit Grams\"},\"image\":{\"@id\":\"https:\/\/legitgrams.com\/#\/schema\/logo\/image\/\"}}]}<\/script>\n<!-- \/ Yoast SEO plugin. -->","yoast_head_json":{"title":"Comprar Coca\u00edna Colombiana Online ao Melhor Pre\u00e7o | LegitGrams","description":"Procura comprar coca\u00edna colombiana online? Descubra uma plataforma sem falhas na nossa loja online onde pode comprar coca\u00edna colombiana pura, garantindo uma qualidade de topo para as suas necessidades de investiga\u00e7\u00e3o.","robots":{"index":"index","follow":"follow","max-snippet":"max-snippet:-1","max-image-preview":"max-image-preview:large","max-video-preview":"max-video-preview:-1"},"canonical":"https:\/\/legitgrams.com\/pt\/produto\/buy-colombian-cocaine-96-pure-online\/","og_locale":"pt_PT","og_type":"article","og_title":"Buy Colombian Cocaine Online @ Best Price | LegitGrams","og_description":"Looking to buy colombian cocaine online? Discover a seamless platform at our online store where you can buy pure colombian cocaine , ensuring top-grade quality for your research needs.","og_url":"https:\/\/legitgrams.com\/pt\/produto\/buy-colombian-cocaine-96-pure-online\/","og_site_name":"Legit Grams","article_modified_time":"2026-02-26T12:28:36+00:00","og_image":[{"width":600,"height":600,"url":"https:\/\/legitgrams.com\/wp-content\/uploads\/2024\/09\/Buy-Columbian-cocaine-96-pure.jpg","type":"image\/jpeg"}],"twitter_card":"summary_large_image","twitter_misc":{"Tempo estimado de leitura":"2 minutos"},"schema":{"@context":"https:\/\/schema.org","@graph":[{"@type":"WebPage","@id":"https:\/\/legitgrams.com\/product\/buy-colombian-cocaine-96-pure-online\/","url":"https:\/\/legitgrams.com\/product\/buy-colombian-cocaine-96-pure-online\/","name":"Comprar Coca\u00edna Colombiana Online ao Melhor Pre\u00e7o | LegitGrams","isPartOf":{"@id":"https:\/\/legitgrams.com\/#website"},"primaryImageOfPage":{"@id":"https:\/\/legitgrams.com\/product\/buy-colombian-cocaine-96-pure-online\/#primaryimage"},"image":{"@id":"https:\/\/legitgrams.com\/product\/buy-colombian-cocaine-96-pure-online\/#primaryimage"},"thumbnailUrl":"https:\/\/legitgrams.com\/wp-content\/uploads\/2024\/09\/Buy-Columbian-cocaine-96-pure.jpg","datePublished":"2024-09-22T10:20:55+00:00","dateModified":"2026-02-26T12:28:36+00:00","description":"Procura comprar coca\u00edna colombiana online? Descubra uma plataforma sem falhas na nossa loja online onde pode comprar coca\u00edna colombiana pura, garantindo uma qualidade de topo para as suas necessidades de investiga\u00e7\u00e3o.","breadcrumb":{"@id":"https:\/\/legitgrams.com\/product\/buy-colombian-cocaine-96-pure-online\/#breadcrumb"},"inLanguage":"pt-PT","potentialAction":[{"@type":"ReadAction","target":["https:\/\/legitgrams.com\/product\/buy-colombian-cocaine-96-pure-online\/"]}]},{"@type":"ImageObject","inLanguage":"pt-PT","@id":"https:\/\/legitgrams.com\/product\/buy-colombian-cocaine-96-pure-online\/#primaryimage","url":"https:\/\/legitgrams.com\/wp-content\/uploads\/2024\/09\/Buy-Columbian-cocaine-96-pure.jpg","contentUrl":"https:\/\/legitgrams.com\/wp-content\/uploads\/2024\/09\/Buy-Columbian-cocaine-96-pure.jpg","width":600,"height":600,"caption":"Buy Colombian Cocaine 96% Pure Online"},{"@type":"BreadcrumbList","@id":"https:\/\/legitgrams.com\/product\/buy-colombian-cocaine-96-pure-online\/#breadcrumb","itemListElement":[{"@type":"ListItem","position":1,"name":"Home","item":"https:\/\/legitgrams.com\/"},{"@type":"ListItem","position":2,"name":"Shop","item":"https:\/\/legitgrams.com\/shop\/"},{"@type":"ListItem","position":3,"name":"Buy Colombian Cocaine 96% Pure Online"}]},{"@type":"WebSite","@id":"https:\/\/legitgrams.com\/#website","url":"https:\/\/legitgrams.com\/","name":"Gramas leg\u00edtimas","description":"O meu blogue WordPress","publisher":{"@id":"https:\/\/legitgrams.com\/#organization"},"potentialAction":[{"@type":"SearchAction","target":{"@type":"EntryPoint","urlTemplate":"https:\/\/legitgrams.com\/?s={search_term_string}"},"query-input":{"@type":"PropertyValueSpecification","valueRequired":true,"valueName":"search_term_string"}}],"inLanguage":"pt-PT"},{"@type":"Organization","@id":"https:\/\/legitgrams.com\/#organization","name":"Gramas leg\u00edtimas","url":"https:\/\/legitgrams.com\/","logo":{"@type":"ImageObject","inLanguage":"pt-PT","@id":"https:\/\/legitgrams.com\/#\/schema\/logo\/image\/","url":"https:\/\/legitgrams.com\/wp-content\/uploads\/2024\/09\/main-logo.png","contentUrl":"https:\/\/legitgrams.com\/wp-content\/uploads\/2024\/09\/main-logo.png","width":270,"height":75,"caption":"Legit Grams"},"image":{"@id":"https:\/\/legitgrams.com\/#\/schema\/logo\/image\/"}}]}},"uagb_featured_image_src":{"full":["https:\/\/legitgrams.com\/wp-content\/uploads\/2024\/09\/Buy-Columbian-cocaine-96-pure.jpg",600,600,false],"thumbnail":["https:\/\/legitgrams.com\/wp-content\/uploads\/2024\/09\/Buy-Columbian-cocaine-96-pure-150x150.jpg",150,150,true],"medium":["https:\/\/legitgrams.com\/wp-content\/uploads\/2024\/09\/Buy-Columbian-cocaine-96-pure-300x300.jpg",300,300,true],"medium_large":["https:\/\/legitgrams.com\/wp-content\/uploads\/2024\/09\/Buy-Columbian-cocaine-96-pure.jpg",600,600,false],"large":["https:\/\/legitgrams.com\/wp-content\/uploads\/2024\/09\/Buy-Columbian-cocaine-96-pure.jpg",600,600,false],"1536x1536":["https:\/\/legitgrams.com\/wp-content\/uploads\/2024\/09\/Buy-Columbian-cocaine-96-pure.jpg",600,600,false],"2048x2048":["https:\/\/legitgrams.com\/wp-content\/uploads\/2024\/09\/Buy-Columbian-cocaine-96-pure.jpg",600,600,false],"trp-custom-language-flag":["https:\/\/legitgrams.com\/wp-content\/uploads\/2024\/09\/Buy-Columbian-cocaine-96-pure-12x12.jpg",12,12,true],"woocommerce_thumbnail":["https:\/\/legitgrams.com\/wp-content\/uploads\/2024\/09\/Buy-Columbian-cocaine-96-pure-300x300.jpg",300,300,true],"woocommerce_single":["https:\/\/legitgrams.com\/wp-content\/uploads\/2024\/09\/Buy-Columbian-cocaine-96-pure.jpg",600,600,false],"woocommerce_gallery_thumbnail":["https:\/\/legitgrams.com\/wp-content\/uploads\/2024\/09\/Buy-Columbian-cocaine-96-pure-100x100.jpg",100,100,true]},"uagb_author_info":{"display_name":"cokeblog18","author_link":"https:\/\/legitgrams.com\/pt\/author\/"},"uagb_comment_info":0,"uagb_excerpt":"Purchase 96% Pure Colombian Cocaine Online Colombian cocaine is one of the most well-known and advantageous types of cocaine available worldwide. One of the countries that supplies the most pure cocaine in the world is Colombia. In Colombia, the first cocaine was produced between 1960 and 1970. At the time, there was no legal method&hellip;","_links":{"self":[{"href":"https:\/\/legitgrams.com\/pt\/wp-json\/wp\/v2\/product\/4310","targetHints":{"allow":["GET"]}}],"collection":[{"href":"https:\/\/legitgrams.com\/pt\/wp-json\/wp\/v2\/product"}],"about":[{"href":"https:\/\/legitgrams.com\/pt\/wp-json\/wp\/v2\/types\/product"}],"replies":[{"embeddable":true,"href":"https:\/\/legitgrams.com\/pt\/wp-json\/wp\/v2\/comments?post=4310"}],"wp:featuredmedia":[{"embeddable":true,"href":"https:\/\/legitgrams.com\/pt\/wp-json\/wp\/v2\/media\/5331"}],"wp:attachment":[{"href":"https:\/\/legitgrams.com\/pt\/wp-json\/wp\/v2\/media?parent=4310"}],"wp:term":[{"taxonomy":"product_brand","embeddable":true,"href":"https:\/\/legitgrams.com\/pt\/wp-json\/wp\/v2\/product_brand?post=4310"},{"taxonomy":"product_cat","embeddable":true,"href":"https:\/\/legitgrams.com\/pt\/wp-json\/wp\/v2\/product_cat?post=4310"},{"taxonomy":"product_tag","embeddable":true,"href":"https:\/\/legitgrams.com\/pt\/wp-json\/wp\/v2\/product_tag?post=4310"}],"curies":[{"name":"wp","href":"https:\/\/api.w.org\/{rel}","templated":true}]}}