{"id":5353,"date":"2024-09-23T21:55:57","date_gmt":"2024-09-23T21:55:57","guid":{"rendered":"https:\/\/legitgrams.com\/?post_type=product&#038;p=5353"},"modified":"2026-02-26T12:18:58","modified_gmt":"2026-02-26T12:18:58","slug":"buy-blueberry-nuken-shatter-online","status":"publish","type":"product","link":"https:\/\/legitgrams.com\/pt\/produto\/buy-blueberry-nuken-shatter-online\/","title":{"rendered":"Buy Blueberry Nuken Shatter Online"},"content":{"rendered":"<h2>Top Shelf Online: Blueberry Nuken Shatter \u00e0 venda<\/h2>\n<p>O concentrado Blueberry Shatter foi criado a partir de uma nova cepa que veio da mente criativa do lend\u00e1rio DJ Short. O extrato premium <a href=\"https:\/\/legitgrams.com\/pt\/produto\/buy-blueberry-nuken-shatter-online\/\">Estilha\u00e7o de mirtilo<\/a> \u00e9 considerada pela comunidade da cannabis como uma das h\u00edbridas indica mais potentes e revigorantes do mercado. Espere um sabor semelhante ao de um muffin de mirtilo feito na hora, real\u00e7ado pelas delicadas notas de baunilha desta deliciosa fragr\u00e2ncia, e conclu\u00eddo com notas crocantes de pinho quando voc\u00ea exala.<\/p>\n<h3>O Blueberry Shatter pode ser comprado online.<\/h3>\n<p>Infelizmente, a exposi\u00e7\u00e3o ao calor frequentemente causa colapso, o que leva a espinhas cerosas. Mas isso n\u00e3o torna seus socos menos seguros ou eficazes.<\/p>\n<p>N\u00e3o aceitamos reembolsos se sua l\u00e1grima desenvolver brotos ou cera. Um h\u00edbrido potente de domin\u00e2ncia indica com um efeito corporal potente, a Ink Kush \u00e9 t\u00e3o procurada quanto sua parente, a Kush original. Sua variedade especial tem cabelo rosa com brotos verdes brilhantes quase impercept\u00edveis. H\u00e1 um aroma sutil de doce e perfume doce de baunilha sob uma cobertura de tricomas semelhantes a a\u00e7\u00facar. <a href=\"https:\/\/legitgrams.com\/pt\/\">LegitGrams<\/a><\/p>\n<p>Comprar <a href=\"https:\/\/en.wikipedia.org\/wiki\/Blueberry\">Mirtilo<\/a> Shatter para uma euforia duradoura e quente que se intensifica lentamente e \u00e9 seguida por uma onda de calma lenta e reflexiva que o sobrecarrega, desacelera e distrai dos pensamentos de curta dura\u00e7\u00e3o, ocasionalmente negativos, que frequentemente obstruem sua cabe\u00e7a ap\u00f3s um longo dia de trabalho. Por causa de suas qualidades edificantes e duradouras, este extrato \u00e9 uma \u00f3tima escolha para controlar a dor cr\u00f4nica, o estresse e a exaust\u00e3o, com foco em aliviar o t\u00e9dio da tristeza do dia de trabalho.<\/p>\n<p>Compre Blueberry Nuken Shatter na Top Shelf: compre Blueberry Nuken Shatter online nos Estados Unidos, compre Blueberry Nuken Shatter nos Estados Unidos, Onde posso comprar Nuken Shatter Blueberry online? Onde posso comprar Nuken Shatter Blueberry online? Onde posso comprar Nuken Shatter Blueberry online? Os Blueberry Nuken Shatters est\u00e3o dispon\u00edveis nos Estados Unidos, Canad\u00e1 e Reino Unido? compra, internet, fornecedores, envio seguro, Blueberry Nuken Shatter ainda est\u00e1 dispon\u00edvel para compra. Al\u00e9m disso, voc\u00ea pode aprender como obter Blueberry Nuken Shatter, se \u00e9 legal no Canad\u00e1 e se \u00e9 legal nos EUA.<\/p>","protected":false},"excerpt":{"rendered":"<p>Top Shelf Online: Blueberry Nuken Shatter for Sale The Blueberry Shatter concentrate was created from a new strain that came from the creative mind of legendary DJ Short. The premium extract Blueberry Shatter is regarded by the cannabis community as one of the most potent and invigorating indica hybrids on the market. Expect a taste &hellip;<\/p>\n<p class=\"read-more\"> <a class=\"\" href=\"https:\/\/legitgrams.com\/pt\/produto\/buy-blueberry-nuken-shatter-online\/\"> <span class=\"screen-reader-text\">Buy Blueberry Nuken Shatter Online<\/span> Ler mais \"<\/a><\/p>","protected":false},"featured_media":5356,"comment_status":"open","ping_status":"closed","template":"","meta":{"_uag_custom_page_level_css":"","site-sidebar-layout":"default","site-content-layout":"default","ast-global-header-display":"","ast-main-header-display":"","ast-hfb-above-header-display":"","ast-hfb-below-header-display":"","ast-hfb-mobile-header-display":"","site-post-title":"","ast-breadcrumbs-content":"","ast-featured-img":"","footer-sml-layout":"","theme-transparent-header-meta":"default","adv-header-id-meta":"","stick-header-meta":"default","header-above-stick-meta":"","header-main-stick-meta":"","header-below-stick-meta":"","_joinchat":[]},"product_brand":[],"product_cat":[604],"product_tag":[632,621,611,615,614,623,613,624,630,627,634,635,633,617,612,629,626,620,618,631,628,625,619,622,616],"class_list":{"0":"post-5353","1":"product","2":"type-product","3":"status-publish","4":"has-post-thumbnail","6":"product_cat-shatter","7":"product_tag-best-cheap-price-blueberry-nuken-shatter","8":"product_tag-best-place-to-buy-blueberry-nuken-shatter","9":"product_tag-blueberry-nuken-shatter","10":"product_tag-blueberry-nuken-shatter-blueberry-nuken-shatter-supplier","11":"product_tag-blueberry-nuken-shatter-for-sale","12":"product_tag-blueberry-nuken-shatter-legally","13":"product_tag-blueberry-nuken-shatter-online","14":"product_tag-blueberry-nuken-shatter-price","15":"product_tag-blueberry-nuken-shatter-s","16":"product_tag-blueberry-nuken-shatter-store","17":"product_tag-blueberry-nuken-shatter-use","18":"product_tag-blueberry-nuken-shatter-wiki","19":"product_tag-blueberry-nuken-shatter-worldwide","20":"product_tag-bulk-online","21":"product_tag-buy-blueberry-nuken-shatter","22":"product_tag-cheap-blueberry-nuken-shatter","23":"product_tag-high-quality-blueberry-nuken-shatter","24":"product_tag-how-to-buy-blueberry-nuken-shatter","25":"product_tag-order-blueberry-nuken-shatter","26":"product_tag-purcharse-blueberry-nuken-shatter","27":"product_tag-shop-blueberry-nuken-shatter","28":"product_tag-top-quality","29":"product_tag-where-to-buy-blueberry-nuken-shatter","30":"product_tag-where-to-order-blueberry-nuken-shatter","31":"product_tag-wholesale-blueberry-nuken-shatter","32":"desktop-align-left","33":"tablet-align-left","34":"mobile-align-left","35":"ast-product-gallery-layout-horizontal","36":"ast-product-gallery-with-no-image","37":"ast-product-single-variable","38":"ast-product-tabs-layout-horizontal","39":"ast-qv-on-image","41":"first","42":"instock","43":"featured","44":"shipping-taxable","45":"purchasable","46":"product-type-variable"},"yoast_head":"<!-- This site is optimized with the Yoast SEO plugin v25.9 - https:\/\/yoast.com\/wordpress\/plugins\/seo\/ -->\n<title>Best Blueberry Nuken Shatter for Sale Online - Top Shelf<\/title>\n<meta name=\"description\" content=\"If you are looking to buy blueberry nuken shatter online, Legitgrams.com is the best place to order blueberry nuken shatter online, blueberry nuken for sale at best price. Fast Shipping Service!\" \/>\n<meta name=\"robots\" content=\"index, follow, max-snippet:-1, max-image-preview:large, max-video-preview:-1\" \/>\n<link rel=\"canonical\" href=\"https:\/\/legitgrams.com\/pt\/produto\/buy-blueberry-nuken-shatter-online\/\" \/>\n<meta property=\"og:locale\" content=\"pt_PT\" \/>\n<meta property=\"og:type\" content=\"article\" \/>\n<meta property=\"og:title\" content=\"Best Blueberry Nuken Shatter for Sale Online - Top Shelf\" \/>\n<meta property=\"og:description\" content=\"If you are looking to buy blueberry nuken shatter online, Legitgrams.com is the best place to order blueberry nuken shatter online, blueberry nuken for sale at best price. Fast Shipping Service!\" \/>\n<meta property=\"og:url\" content=\"https:\/\/legitgrams.com\/pt\/produto\/buy-blueberry-nuken-shatter-online\/\" \/>\n<meta property=\"og:site_name\" content=\"Legit Grams\" \/>\n<meta property=\"article:modified_time\" content=\"2026-02-26T12:18:58+00:00\" \/>\n<meta property=\"og:image\" content=\"https:\/\/legitgrams.com\/wp-content\/uploads\/2024\/09\/Buy-Blueberry-Nuken-Shatter.jpg\" \/>\n\t<meta property=\"og:image:width\" content=\"600\" \/>\n\t<meta property=\"og:image:height\" content=\"600\" \/>\n\t<meta property=\"og:image:type\" content=\"image\/jpeg\" \/>\n<meta name=\"twitter:card\" content=\"summary_large_image\" \/>\n<meta name=\"twitter:label1\" content=\"Tempo estimado de leitura\" \/>\n\t<meta name=\"twitter:data1\" content=\"2 minutos\" \/>\n<script type=\"application\/ld+json\" class=\"yoast-schema-graph\">{\"@context\":\"https:\/\/schema.org\",\"@graph\":[{\"@type\":\"WebPage\",\"@id\":\"https:\/\/legitgrams.com\/product\/buy-blueberry-nuken-shatter-online\/\",\"url\":\"https:\/\/legitgrams.com\/product\/buy-blueberry-nuken-shatter-online\/\",\"name\":\"Best Blueberry Nuken Shatter for Sale Online - Top Shelf\",\"isPartOf\":{\"@id\":\"https:\/\/legitgrams.com\/#website\"},\"primaryImageOfPage\":{\"@id\":\"https:\/\/legitgrams.com\/product\/buy-blueberry-nuken-shatter-online\/#primaryimage\"},\"image\":{\"@id\":\"https:\/\/legitgrams.com\/product\/buy-blueberry-nuken-shatter-online\/#primaryimage\"},\"thumbnailUrl\":\"https:\/\/legitgrams.com\/wp-content\/uploads\/2024\/09\/Buy-Blueberry-Nuken-Shatter.jpg\",\"datePublished\":\"2024-09-23T21:55:57+00:00\",\"dateModified\":\"2026-02-26T12:18:58+00:00\",\"description\":\"If you are looking to buy blueberry nuken shatter online, Legitgrams.com is the best place to order blueberry nuken shatter online, blueberry nuken for sale at best price. Fast Shipping Service!\",\"breadcrumb\":{\"@id\":\"https:\/\/legitgrams.com\/product\/buy-blueberry-nuken-shatter-online\/#breadcrumb\"},\"inLanguage\":\"pt-PT\",\"potentialAction\":[{\"@type\":\"ReadAction\",\"target\":[\"https:\/\/legitgrams.com\/product\/buy-blueberry-nuken-shatter-online\/\"]}]},{\"@type\":\"ImageObject\",\"inLanguage\":\"pt-PT\",\"@id\":\"https:\/\/legitgrams.com\/product\/buy-blueberry-nuken-shatter-online\/#primaryimage\",\"url\":\"https:\/\/legitgrams.com\/wp-content\/uploads\/2024\/09\/Buy-Blueberry-Nuken-Shatter.jpg\",\"contentUrl\":\"https:\/\/legitgrams.com\/wp-content\/uploads\/2024\/09\/Buy-Blueberry-Nuken-Shatter.jpg\",\"width\":600,\"height\":600,\"caption\":\"Buy Blueberry Nuken Shatter Online\"},{\"@type\":\"BreadcrumbList\",\"@id\":\"https:\/\/legitgrams.com\/product\/buy-blueberry-nuken-shatter-online\/#breadcrumb\",\"itemListElement\":[{\"@type\":\"ListItem\",\"position\":1,\"name\":\"Home\",\"item\":\"https:\/\/legitgrams.com\/\"},{\"@type\":\"ListItem\",\"position\":2,\"name\":\"Shop\",\"item\":\"https:\/\/legitgrams.com\/shop\/\"},{\"@type\":\"ListItem\",\"position\":3,\"name\":\"Buy Blueberry Nuken Shatter Online\"}]},{\"@type\":\"WebSite\",\"@id\":\"https:\/\/legitgrams.com\/#website\",\"url\":\"https:\/\/legitgrams.com\/\",\"name\":\"Legit Grams\",\"description\":\"My WordPress Blog\",\"publisher\":{\"@id\":\"https:\/\/legitgrams.com\/#organization\"},\"potentialAction\":[{\"@type\":\"SearchAction\",\"target\":{\"@type\":\"EntryPoint\",\"urlTemplate\":\"https:\/\/legitgrams.com\/?s={search_term_string}\"},\"query-input\":{\"@type\":\"PropertyValueSpecification\",\"valueRequired\":true,\"valueName\":\"search_term_string\"}}],\"inLanguage\":\"pt-PT\"},{\"@type\":\"Organization\",\"@id\":\"https:\/\/legitgrams.com\/#organization\",\"name\":\"Legit Grams\",\"url\":\"https:\/\/legitgrams.com\/\",\"logo\":{\"@type\":\"ImageObject\",\"inLanguage\":\"pt-PT\",\"@id\":\"https:\/\/legitgrams.com\/#\/schema\/logo\/image\/\",\"url\":\"https:\/\/legitgrams.com\/wp-content\/uploads\/2024\/09\/main-logo.png\",\"contentUrl\":\"https:\/\/legitgrams.com\/wp-content\/uploads\/2024\/09\/main-logo.png\",\"width\":270,\"height\":75,\"caption\":\"Legit Grams\"},\"image\":{\"@id\":\"https:\/\/legitgrams.com\/#\/schema\/logo\/image\/\"}}]}<\/script>\n<!-- \/ Yoast SEO plugin. -->","yoast_head_json":{"title":"O melhor shatter de Blueberry Nuken para venda online - Top Shelf","description":"Se voc\u00ea est\u00e1 olhando para comprar blueberry nuken shatter online, Legitgrams.com \u00e9 o melhor lugar para encomendar blueberry nuken shatter online, blueberry nuken para venda ao melhor pre\u00e7o. Servi\u00e7o de envio r\u00e1pido!","robots":{"index":"index","follow":"follow","max-snippet":"max-snippet:-1","max-image-preview":"max-image-preview:large","max-video-preview":"max-video-preview:-1"},"canonical":"https:\/\/legitgrams.com\/pt\/produto\/buy-blueberry-nuken-shatter-online\/","og_locale":"pt_PT","og_type":"article","og_title":"Best Blueberry Nuken Shatter for Sale Online - Top Shelf","og_description":"If you are looking to buy blueberry nuken shatter online, Legitgrams.com is the best place to order blueberry nuken shatter online, blueberry nuken for sale at best price. Fast Shipping Service!","og_url":"https:\/\/legitgrams.com\/pt\/produto\/buy-blueberry-nuken-shatter-online\/","og_site_name":"Legit Grams","article_modified_time":"2026-02-26T12:18:58+00:00","og_image":[{"width":600,"height":600,"url":"https:\/\/legitgrams.com\/wp-content\/uploads\/2024\/09\/Buy-Blueberry-Nuken-Shatter.jpg","type":"image\/jpeg"}],"twitter_card":"summary_large_image","twitter_misc":{"Tempo estimado de leitura":"2 minutos"},"schema":{"@context":"https:\/\/schema.org","@graph":[{"@type":"WebPage","@id":"https:\/\/legitgrams.com\/product\/buy-blueberry-nuken-shatter-online\/","url":"https:\/\/legitgrams.com\/product\/buy-blueberry-nuken-shatter-online\/","name":"O melhor shatter de Blueberry Nuken para venda online - Top Shelf","isPartOf":{"@id":"https:\/\/legitgrams.com\/#website"},"primaryImageOfPage":{"@id":"https:\/\/legitgrams.com\/product\/buy-blueberry-nuken-shatter-online\/#primaryimage"},"image":{"@id":"https:\/\/legitgrams.com\/product\/buy-blueberry-nuken-shatter-online\/#primaryimage"},"thumbnailUrl":"https:\/\/legitgrams.com\/wp-content\/uploads\/2024\/09\/Buy-Blueberry-Nuken-Shatter.jpg","datePublished":"2024-09-23T21:55:57+00:00","dateModified":"2026-02-26T12:18:58+00:00","description":"Se voc\u00ea est\u00e1 olhando para comprar blueberry nuken shatter online, Legitgrams.com \u00e9 o melhor lugar para encomendar blueberry nuken shatter online, blueberry nuken para venda ao melhor pre\u00e7o. Servi\u00e7o de envio r\u00e1pido!","breadcrumb":{"@id":"https:\/\/legitgrams.com\/product\/buy-blueberry-nuken-shatter-online\/#breadcrumb"},"inLanguage":"pt-PT","potentialAction":[{"@type":"ReadAction","target":["https:\/\/legitgrams.com\/product\/buy-blueberry-nuken-shatter-online\/"]}]},{"@type":"ImageObject","inLanguage":"pt-PT","@id":"https:\/\/legitgrams.com\/product\/buy-blueberry-nuken-shatter-online\/#primaryimage","url":"https:\/\/legitgrams.com\/wp-content\/uploads\/2024\/09\/Buy-Blueberry-Nuken-Shatter.jpg","contentUrl":"https:\/\/legitgrams.com\/wp-content\/uploads\/2024\/09\/Buy-Blueberry-Nuken-Shatter.jpg","width":600,"height":600,"caption":"Buy Blueberry Nuken Shatter Online"},{"@type":"BreadcrumbList","@id":"https:\/\/legitgrams.com\/product\/buy-blueberry-nuken-shatter-online\/#breadcrumb","itemListElement":[{"@type":"ListItem","position":1,"name":"Home","item":"https:\/\/legitgrams.com\/"},{"@type":"ListItem","position":2,"name":"Shop","item":"https:\/\/legitgrams.com\/shop\/"},{"@type":"ListItem","position":3,"name":"Buy Blueberry Nuken Shatter Online"}]},{"@type":"WebSite","@id":"https:\/\/legitgrams.com\/#website","url":"https:\/\/legitgrams.com\/","name":"Gramas leg\u00edtimas","description":"O meu blogue WordPress","publisher":{"@id":"https:\/\/legitgrams.com\/#organization"},"potentialAction":[{"@type":"SearchAction","target":{"@type":"EntryPoint","urlTemplate":"https:\/\/legitgrams.com\/?s={search_term_string}"},"query-input":{"@type":"PropertyValueSpecification","valueRequired":true,"valueName":"search_term_string"}}],"inLanguage":"pt-PT"},{"@type":"Organization","@id":"https:\/\/legitgrams.com\/#organization","name":"Gramas leg\u00edtimas","url":"https:\/\/legitgrams.com\/","logo":{"@type":"ImageObject","inLanguage":"pt-PT","@id":"https:\/\/legitgrams.com\/#\/schema\/logo\/image\/","url":"https:\/\/legitgrams.com\/wp-content\/uploads\/2024\/09\/main-logo.png","contentUrl":"https:\/\/legitgrams.com\/wp-content\/uploads\/2024\/09\/main-logo.png","width":270,"height":75,"caption":"Legit Grams"},"image":{"@id":"https:\/\/legitgrams.com\/#\/schema\/logo\/image\/"}}]}},"uagb_featured_image_src":{"full":["https:\/\/legitgrams.com\/wp-content\/uploads\/2024\/09\/Buy-Blueberry-Nuken-Shatter.jpg",600,600,false],"thumbnail":["https:\/\/legitgrams.com\/wp-content\/uploads\/2024\/09\/Buy-Blueberry-Nuken-Shatter-150x150.jpg",150,150,true],"medium":["https:\/\/legitgrams.com\/wp-content\/uploads\/2024\/09\/Buy-Blueberry-Nuken-Shatter-300x300.jpg",300,300,true],"medium_large":["https:\/\/legitgrams.com\/wp-content\/uploads\/2024\/09\/Buy-Blueberry-Nuken-Shatter.jpg",600,600,false],"large":["https:\/\/legitgrams.com\/wp-content\/uploads\/2024\/09\/Buy-Blueberry-Nuken-Shatter.jpg",600,600,false],"1536x1536":["https:\/\/legitgrams.com\/wp-content\/uploads\/2024\/09\/Buy-Blueberry-Nuken-Shatter.jpg",600,600,false],"2048x2048":["https:\/\/legitgrams.com\/wp-content\/uploads\/2024\/09\/Buy-Blueberry-Nuken-Shatter.jpg",600,600,false],"trp-custom-language-flag":["https:\/\/legitgrams.com\/wp-content\/uploads\/2024\/09\/Buy-Blueberry-Nuken-Shatter-12x12.jpg",12,12,true],"woocommerce_thumbnail":["https:\/\/legitgrams.com\/wp-content\/uploads\/2024\/09\/Buy-Blueberry-Nuken-Shatter-300x300.jpg",300,300,true],"woocommerce_single":["https:\/\/legitgrams.com\/wp-content\/uploads\/2024\/09\/Buy-Blueberry-Nuken-Shatter.jpg",600,600,false],"woocommerce_gallery_thumbnail":["https:\/\/legitgrams.com\/wp-content\/uploads\/2024\/09\/Buy-Blueberry-Nuken-Shatter-100x100.jpg",100,100,true]},"uagb_author_info":{"display_name":"cokeblog18","author_link":"https:\/\/legitgrams.com\/pt\/author\/"},"uagb_comment_info":0,"uagb_excerpt":"Top Shelf Online: Blueberry Nuken Shatter for Sale The Blueberry Shatter concentrate was created from a new strain that came from the creative mind of legendary DJ Short. The premium extract Blueberry Shatter is regarded by the cannabis community as one of the most potent and invigorating indica hybrids on the market. Expect a taste&hellip;","_links":{"self":[{"href":"https:\/\/legitgrams.com\/pt\/wp-json\/wp\/v2\/product\/5353","targetHints":{"allow":["GET"]}}],"collection":[{"href":"https:\/\/legitgrams.com\/pt\/wp-json\/wp\/v2\/product"}],"about":[{"href":"https:\/\/legitgrams.com\/pt\/wp-json\/wp\/v2\/types\/product"}],"replies":[{"embeddable":true,"href":"https:\/\/legitgrams.com\/pt\/wp-json\/wp\/v2\/comments?post=5353"}],"wp:featuredmedia":[{"embeddable":true,"href":"https:\/\/legitgrams.com\/pt\/wp-json\/wp\/v2\/media\/5356"}],"wp:attachment":[{"href":"https:\/\/legitgrams.com\/pt\/wp-json\/wp\/v2\/media?parent=5353"}],"wp:term":[{"taxonomy":"product_brand","embeddable":true,"href":"https:\/\/legitgrams.com\/pt\/wp-json\/wp\/v2\/product_brand?post=5353"},{"taxonomy":"product_cat","embeddable":true,"href":"https:\/\/legitgrams.com\/pt\/wp-json\/wp\/v2\/product_cat?post=5353"},{"taxonomy":"product_tag","embeddable":true,"href":"https:\/\/legitgrams.com\/pt\/wp-json\/wp\/v2\/product_tag?post=5353"}],"curies":[{"name":"wp","href":"https:\/\/api.w.org\/{rel}","templated":true}]}}