{"id":5354,"date":"2024-09-23T21:54:39","date_gmt":"2024-09-23T21:54:39","guid":{"rendered":"https:\/\/legitgrams.com\/?post_type=product&#038;p=5354"},"modified":"2026-02-26T12:19:46","modified_gmt":"2026-02-26T12:19:46","slug":"buy-gelato-shatter-online","status":"publish","type":"product","link":"https:\/\/legitgrams.com\/pt\/produto\/buy-gelato-shatter-online\/","title":{"rendered":"Buy Gelato Shatter Online"},"content":{"rendered":"<h2>Compre Gelato Shatter Online na Top Shelf<\/h2>\n<p>Gelato \u00c0s vezes chamado de \u201cLarry Bird\u201d, <a href=\"https:\/\/legitgrams.com\/pt\/produto\/buy-gelato-shatter-online\/\">Gelado<\/a> \u00e9 uma variedade h\u00edbrida que foi criada pela combina\u00e7\u00e3o do Thin Mint Girl Scout Cake com o cada vez mais popular Sunset Sherbert. Tem um leve predom\u00ednio indica. Seu aroma delicioso ir\u00e1 gratificar at\u00e9 o usu\u00e1rio mais exigente. Tem um aroma delicioso, quase como o de um bolo, com notas de lavanda e mirtilos frescos. Al\u00e9m de seu sabor delicioso, o gelato \u00e9 conhecido por seus fortes efeitos euf\u00f3ricos. Este tipo fornece um impulso cerebral significativo em minutos ap\u00f3s fumar, ent\u00e3o os iniciantes devem proceder com cautela. Em vez de manter o usu\u00e1rio im\u00f3vel ou limitado ao sof\u00e1, esta poderosa a\u00e7\u00e3o cerebral estimula a energia focada e o pensamento mais esperan\u00e7oso. \u00c0 medida que essa euforia gradualmente se torna mais forte, o corpo eventualmente coloca o usu\u00e1rio em total tranquilidade ao se estabelecer em um estado aconchegante de calma. Por causa de seus efeitos fortes, mas bem equilibrados, o gelato \u00e9 uma excelente variedade para tratar uma variedade de condi\u00e7\u00f5es, incluindo fadiga cr\u00f4nica, espasmos musculares, enxaquecas e desconforto relacionado \u00e0 inflama\u00e7\u00e3o cr\u00f4nica. <a href=\"https:\/\/legitgrams.com\/pt\/\">LegitGrams<\/a><\/p>\n<p>Pe\u00e7a Gelato Shatter da Top Shelf, compre <a href=\"https:\/\/en.wikipedia.org\/wiki\/Gelato\">Gelado<\/a> Shatter nos EUA, compre Gelato Shatter online nos EUA, Onde comprar Gelato Shatter, Gelato Shatter \u00e0 venda, Gelato Shatter \u00e0 venda perto de mim, Onde comprar Gelato Shatter online, Onde comprar Gelato Shatter online, Compre Gelato Shatter online, Fornecedores, Entrega segura, EUA, Canad\u00e1, Reino Unido Gelato Shatter ainda est\u00e1 dispon\u00edvel. Os Estados Unidos permitem a venda de gelato shatter? O que posso fazer para fazer um pedido?<\/p>","protected":false},"excerpt":{"rendered":"<p>Purchase Gelato Shatter Online at Top Shelf Gelato Sometimes called &#8220;Larry Bird,&#8221; Gelato is a hybrid strain that was created by combining the Thin Mint Girl Scout Cake with the increasingly popular Sunset Sherbert. It has a slight indica dominance. Its delightful aroma will gratify even the most discriminating user. It has a delightful, almost &hellip;<\/p>\n<p class=\"read-more\"> <a class=\"\" href=\"https:\/\/legitgrams.com\/pt\/produto\/buy-gelato-shatter-online\/\"> <span class=\"screen-reader-text\">Buy Gelato Shatter Online<\/span> Ler mais \"<\/a><\/p>","protected":false},"featured_media":5355,"comment_status":"open","ping_status":"closed","template":"","meta":{"_uag_custom_page_level_css":"","site-sidebar-layout":"default","site-content-layout":"default","ast-global-header-display":"","ast-main-header-display":"","ast-hfb-above-header-display":"","ast-hfb-below-header-display":"","ast-hfb-mobile-header-display":"","site-post-title":"","ast-breadcrumbs-content":"","ast-featured-img":"","footer-sml-layout":"","theme-transparent-header-meta":"default","adv-header-id-meta":"","stick-header-meta":"default","header-above-stick-meta":"","header-main-stick-meta":"","header-below-stick-meta":"","_joinchat":[]},"product_brand":[],"product_cat":[604],"product_tag":[656,646,617,637,653,636,660,648,643,658,659,657,639,640,638,649,654,651,650,645,642,655,652,625,644,647,641],"class_list":{"0":"post-5354","1":"product","2":"type-product","3":"status-publish","4":"has-post-thumbnail","6":"product_cat-shatter","7":"product_tag-best-cheap-price-gelato-shatter-top-shelf","8":"product_tag-best-place-to-buy-gelato-shatter-top-shelf","9":"product_tag-bulk-online","10":"product_tag-buy-gelato-shatter-top-shelf","11":"product_tag-cheap-gelato-shatter-top-shelf","12":"product_tag-gelato-shatter-top-shelf","13":"product_tag-gelato-shatter-top-shelf-for-sale","14":"product_tag-gelato-shatter-top-shelf-legally","15":"product_tag-gelato-shatter-top-shelf-online","16":"product_tag-gelato-shatter-top-shelf-use","17":"product_tag-gelato-shatter-top-shelf-wiki","18":"product_tag-gelato-shatter-top-shelf-worldwide","19":"product_tag-gelato-shatter-top-shelffor-sale","20":"product_tag-gelato-shatter-top-shelfgelato-shatter-top-shelfsupplier","21":"product_tag-gelato-shatter-top-shelfonline","22":"product_tag-gelato-shatter-top-shelfprice","23":"product_tag-gelato-shatter-top-shelfs","24":"product_tag-gelato-shatter-top-shelfstore","25":"product_tag-high-quality-gelato-shatter-top-shelf","26":"product_tag-how-to-buy-gelato-shatter-top-shelf","27":"product_tag-order-gelato-shatter-top-shelf","28":"product_tag-purcharse-gelato-shatter-top-shelf","29":"product_tag-shop-gelato-shatter-top-shelf","30":"product_tag-top-quality","31":"product_tag-where-to-buy-gelato-shatter-top-shelf","32":"product_tag-where-to-order-gelato-shatter-top-shelf","33":"product_tag-wholesale-gelato-shatter-top-shelf","34":"desktop-align-left","35":"tablet-align-left","36":"mobile-align-left","37":"ast-product-gallery-layout-horizontal","38":"ast-product-gallery-with-no-image","39":"ast-product-single-variable","40":"ast-product-tabs-layout-horizontal","41":"ast-qv-on-image","43":"first","44":"instock","45":"shipping-taxable","46":"purchasable","47":"product-type-variable"},"yoast_head":"<!-- This site is optimized with the Yoast SEO plugin v25.9 - https:\/\/yoast.com\/wordpress\/plugins\/seo\/ -->\n<title>Gelato Shatter for Sale - Order Gelato Shatter Online | LegitGrams<\/title>\n<meta name=\"description\" content=\"Our Legitgrams online store has high-quality Gelato Shatter for sale. If you are willing to buy Gelato Shatter online, then let us know. We will complete your requirements soon!\" \/>\n<meta name=\"robots\" content=\"index, follow, max-snippet:-1, max-image-preview:large, max-video-preview:-1\" \/>\n<link rel=\"canonical\" href=\"https:\/\/legitgrams.com\/pt\/produto\/buy-gelato-shatter-online\/\" \/>\n<meta property=\"og:locale\" content=\"pt_PT\" \/>\n<meta property=\"og:type\" content=\"article\" \/>\n<meta property=\"og:title\" content=\"Gelato Shatter for Sale - Order Gelato Shatter Online | LegitGrams\" \/>\n<meta property=\"og:description\" content=\"Our Legitgrams online store has high-quality Gelato Shatter for sale. If you are willing to buy Gelato Shatter online, then let us know. We will complete your requirements soon!\" \/>\n<meta property=\"og:url\" content=\"https:\/\/legitgrams.com\/pt\/produto\/buy-gelato-shatter-online\/\" \/>\n<meta property=\"og:site_name\" content=\"Legit Grams\" \/>\n<meta property=\"article:modified_time\" content=\"2026-02-26T12:19:46+00:00\" \/>\n<meta property=\"og:image\" content=\"https:\/\/legitgrams.com\/wp-content\/uploads\/2024\/09\/Buy-Gelato-Shatter.jpg\" \/>\n\t<meta property=\"og:image:width\" content=\"600\" \/>\n\t<meta property=\"og:image:height\" content=\"600\" \/>\n\t<meta property=\"og:image:type\" content=\"image\/jpeg\" \/>\n<meta name=\"twitter:card\" content=\"summary_large_image\" \/>\n<meta name=\"twitter:label1\" content=\"Tempo estimado de leitura\" \/>\n\t<meta name=\"twitter:data1\" content=\"2 minutos\" \/>\n<script type=\"application\/ld+json\" class=\"yoast-schema-graph\">{\"@context\":\"https:\/\/schema.org\",\"@graph\":[{\"@type\":\"WebPage\",\"@id\":\"https:\/\/legitgrams.com\/product\/buy-gelato-shatter-online\/\",\"url\":\"https:\/\/legitgrams.com\/product\/buy-gelato-shatter-online\/\",\"name\":\"Gelato Shatter for Sale - Order Gelato Shatter Online | LegitGrams\",\"isPartOf\":{\"@id\":\"https:\/\/legitgrams.com\/#website\"},\"primaryImageOfPage\":{\"@id\":\"https:\/\/legitgrams.com\/product\/buy-gelato-shatter-online\/#primaryimage\"},\"image\":{\"@id\":\"https:\/\/legitgrams.com\/product\/buy-gelato-shatter-online\/#primaryimage\"},\"thumbnailUrl\":\"https:\/\/legitgrams.com\/wp-content\/uploads\/2024\/09\/Buy-Gelato-Shatter.jpg\",\"datePublished\":\"2024-09-23T21:54:39+00:00\",\"dateModified\":\"2026-02-26T12:19:46+00:00\",\"description\":\"Our Legitgrams online store has high-quality Gelato Shatter for sale. If you are willing to buy Gelato Shatter online, then let us know. We will complete your requirements soon!\",\"breadcrumb\":{\"@id\":\"https:\/\/legitgrams.com\/product\/buy-gelato-shatter-online\/#breadcrumb\"},\"inLanguage\":\"pt-PT\",\"potentialAction\":[{\"@type\":\"ReadAction\",\"target\":[\"https:\/\/legitgrams.com\/product\/buy-gelato-shatter-online\/\"]}]},{\"@type\":\"ImageObject\",\"inLanguage\":\"pt-PT\",\"@id\":\"https:\/\/legitgrams.com\/product\/buy-gelato-shatter-online\/#primaryimage\",\"url\":\"https:\/\/legitgrams.com\/wp-content\/uploads\/2024\/09\/Buy-Gelato-Shatter.jpg\",\"contentUrl\":\"https:\/\/legitgrams.com\/wp-content\/uploads\/2024\/09\/Buy-Gelato-Shatter.jpg\",\"width\":600,\"height\":600,\"caption\":\"Buy Gelato Shatter Online\"},{\"@type\":\"BreadcrumbList\",\"@id\":\"https:\/\/legitgrams.com\/product\/buy-gelato-shatter-online\/#breadcrumb\",\"itemListElement\":[{\"@type\":\"ListItem\",\"position\":1,\"name\":\"Home\",\"item\":\"https:\/\/legitgrams.com\/\"},{\"@type\":\"ListItem\",\"position\":2,\"name\":\"Shop\",\"item\":\"https:\/\/legitgrams.com\/shop\/\"},{\"@type\":\"ListItem\",\"position\":3,\"name\":\"Buy Gelato Shatter Online\"}]},{\"@type\":\"WebSite\",\"@id\":\"https:\/\/legitgrams.com\/#website\",\"url\":\"https:\/\/legitgrams.com\/\",\"name\":\"Legit Grams\",\"description\":\"My WordPress Blog\",\"publisher\":{\"@id\":\"https:\/\/legitgrams.com\/#organization\"},\"potentialAction\":[{\"@type\":\"SearchAction\",\"target\":{\"@type\":\"EntryPoint\",\"urlTemplate\":\"https:\/\/legitgrams.com\/?s={search_term_string}\"},\"query-input\":{\"@type\":\"PropertyValueSpecification\",\"valueRequired\":true,\"valueName\":\"search_term_string\"}}],\"inLanguage\":\"pt-PT\"},{\"@type\":\"Organization\",\"@id\":\"https:\/\/legitgrams.com\/#organization\",\"name\":\"Legit Grams\",\"url\":\"https:\/\/legitgrams.com\/\",\"logo\":{\"@type\":\"ImageObject\",\"inLanguage\":\"pt-PT\",\"@id\":\"https:\/\/legitgrams.com\/#\/schema\/logo\/image\/\",\"url\":\"https:\/\/legitgrams.com\/wp-content\/uploads\/2024\/09\/main-logo.png\",\"contentUrl\":\"https:\/\/legitgrams.com\/wp-content\/uploads\/2024\/09\/main-logo.png\",\"width\":270,\"height\":75,\"caption\":\"Legit Grams\"},\"image\":{\"@id\":\"https:\/\/legitgrams.com\/#\/schema\/logo\/image\/\"}}]}<\/script>\n<!-- \/ Yoast SEO plugin. -->","yoast_head_json":{"title":"Gelato Shatter para Venda - Encomendar Gelato Shatter Online | LegitGrams","description":"A nossa loja online Legitgrams tem Gelato Shatter de alta qualidade para venda. Se est\u00e1 disposto a comprar Gelato Shatter online, ent\u00e3o informe-nos. N\u00f3s completaremos os seus requisitos em breve!","robots":{"index":"index","follow":"follow","max-snippet":"max-snippet:-1","max-image-preview":"max-image-preview:large","max-video-preview":"max-video-preview:-1"},"canonical":"https:\/\/legitgrams.com\/pt\/produto\/buy-gelato-shatter-online\/","og_locale":"pt_PT","og_type":"article","og_title":"Gelato Shatter for Sale - Order Gelato Shatter Online | LegitGrams","og_description":"Our Legitgrams online store has high-quality Gelato Shatter for sale. If you are willing to buy Gelato Shatter online, then let us know. We will complete your requirements soon!","og_url":"https:\/\/legitgrams.com\/pt\/produto\/buy-gelato-shatter-online\/","og_site_name":"Legit Grams","article_modified_time":"2026-02-26T12:19:46+00:00","og_image":[{"width":600,"height":600,"url":"https:\/\/legitgrams.com\/wp-content\/uploads\/2024\/09\/Buy-Gelato-Shatter.jpg","type":"image\/jpeg"}],"twitter_card":"summary_large_image","twitter_misc":{"Tempo estimado de leitura":"2 minutos"},"schema":{"@context":"https:\/\/schema.org","@graph":[{"@type":"WebPage","@id":"https:\/\/legitgrams.com\/product\/buy-gelato-shatter-online\/","url":"https:\/\/legitgrams.com\/product\/buy-gelato-shatter-online\/","name":"Gelato Shatter para Venda - Encomendar Gelato Shatter Online | LegitGrams","isPartOf":{"@id":"https:\/\/legitgrams.com\/#website"},"primaryImageOfPage":{"@id":"https:\/\/legitgrams.com\/product\/buy-gelato-shatter-online\/#primaryimage"},"image":{"@id":"https:\/\/legitgrams.com\/product\/buy-gelato-shatter-online\/#primaryimage"},"thumbnailUrl":"https:\/\/legitgrams.com\/wp-content\/uploads\/2024\/09\/Buy-Gelato-Shatter.jpg","datePublished":"2024-09-23T21:54:39+00:00","dateModified":"2026-02-26T12:19:46+00:00","description":"A nossa loja online Legitgrams tem Gelato Shatter de alta qualidade para venda. Se est\u00e1 disposto a comprar Gelato Shatter online, ent\u00e3o informe-nos. N\u00f3s completaremos os seus requisitos em breve!","breadcrumb":{"@id":"https:\/\/legitgrams.com\/product\/buy-gelato-shatter-online\/#breadcrumb"},"inLanguage":"pt-PT","potentialAction":[{"@type":"ReadAction","target":["https:\/\/legitgrams.com\/product\/buy-gelato-shatter-online\/"]}]},{"@type":"ImageObject","inLanguage":"pt-PT","@id":"https:\/\/legitgrams.com\/product\/buy-gelato-shatter-online\/#primaryimage","url":"https:\/\/legitgrams.com\/wp-content\/uploads\/2024\/09\/Buy-Gelato-Shatter.jpg","contentUrl":"https:\/\/legitgrams.com\/wp-content\/uploads\/2024\/09\/Buy-Gelato-Shatter.jpg","width":600,"height":600,"caption":"Buy Gelato Shatter Online"},{"@type":"BreadcrumbList","@id":"https:\/\/legitgrams.com\/product\/buy-gelato-shatter-online\/#breadcrumb","itemListElement":[{"@type":"ListItem","position":1,"name":"Home","item":"https:\/\/legitgrams.com\/"},{"@type":"ListItem","position":2,"name":"Shop","item":"https:\/\/legitgrams.com\/shop\/"},{"@type":"ListItem","position":3,"name":"Buy Gelato Shatter Online"}]},{"@type":"WebSite","@id":"https:\/\/legitgrams.com\/#website","url":"https:\/\/legitgrams.com\/","name":"Gramas leg\u00edtimas","description":"O meu blogue WordPress","publisher":{"@id":"https:\/\/legitgrams.com\/#organization"},"potentialAction":[{"@type":"SearchAction","target":{"@type":"EntryPoint","urlTemplate":"https:\/\/legitgrams.com\/?s={search_term_string}"},"query-input":{"@type":"PropertyValueSpecification","valueRequired":true,"valueName":"search_term_string"}}],"inLanguage":"pt-PT"},{"@type":"Organization","@id":"https:\/\/legitgrams.com\/#organization","name":"Gramas leg\u00edtimas","url":"https:\/\/legitgrams.com\/","logo":{"@type":"ImageObject","inLanguage":"pt-PT","@id":"https:\/\/legitgrams.com\/#\/schema\/logo\/image\/","url":"https:\/\/legitgrams.com\/wp-content\/uploads\/2024\/09\/main-logo.png","contentUrl":"https:\/\/legitgrams.com\/wp-content\/uploads\/2024\/09\/main-logo.png","width":270,"height":75,"caption":"Legit Grams"},"image":{"@id":"https:\/\/legitgrams.com\/#\/schema\/logo\/image\/"}}]}},"uagb_featured_image_src":{"full":["https:\/\/legitgrams.com\/wp-content\/uploads\/2024\/09\/Buy-Gelato-Shatter.jpg",600,600,false],"thumbnail":["https:\/\/legitgrams.com\/wp-content\/uploads\/2024\/09\/Buy-Gelato-Shatter-150x150.jpg",150,150,true],"medium":["https:\/\/legitgrams.com\/wp-content\/uploads\/2024\/09\/Buy-Gelato-Shatter-300x300.jpg",300,300,true],"medium_large":["https:\/\/legitgrams.com\/wp-content\/uploads\/2024\/09\/Buy-Gelato-Shatter.jpg",600,600,false],"large":["https:\/\/legitgrams.com\/wp-content\/uploads\/2024\/09\/Buy-Gelato-Shatter.jpg",600,600,false],"1536x1536":["https:\/\/legitgrams.com\/wp-content\/uploads\/2024\/09\/Buy-Gelato-Shatter.jpg",600,600,false],"2048x2048":["https:\/\/legitgrams.com\/wp-content\/uploads\/2024\/09\/Buy-Gelato-Shatter.jpg",600,600,false],"trp-custom-language-flag":["https:\/\/legitgrams.com\/wp-content\/uploads\/2024\/09\/Buy-Gelato-Shatter-12x12.jpg",12,12,true],"woocommerce_thumbnail":["https:\/\/legitgrams.com\/wp-content\/uploads\/2024\/09\/Buy-Gelato-Shatter-300x300.jpg",300,300,true],"woocommerce_single":["https:\/\/legitgrams.com\/wp-content\/uploads\/2024\/09\/Buy-Gelato-Shatter.jpg",600,600,false],"woocommerce_gallery_thumbnail":["https:\/\/legitgrams.com\/wp-content\/uploads\/2024\/09\/Buy-Gelato-Shatter-100x100.jpg",100,100,true]},"uagb_author_info":{"display_name":"cokeblog18","author_link":"https:\/\/legitgrams.com\/pt\/author\/"},"uagb_comment_info":0,"uagb_excerpt":"Purchase Gelato Shatter Online at Top Shelf Gelato Sometimes called &#8220;Larry Bird,&#8221; Gelato is a hybrid strain that was created by combining the Thin Mint Girl Scout Cake with the increasingly popular Sunset Sherbert. It has a slight indica dominance. Its delightful aroma will gratify even the most discriminating user. It has a delightful, almost&hellip;","_links":{"self":[{"href":"https:\/\/legitgrams.com\/pt\/wp-json\/wp\/v2\/product\/5354","targetHints":{"allow":["GET"]}}],"collection":[{"href":"https:\/\/legitgrams.com\/pt\/wp-json\/wp\/v2\/product"}],"about":[{"href":"https:\/\/legitgrams.com\/pt\/wp-json\/wp\/v2\/types\/product"}],"replies":[{"embeddable":true,"href":"https:\/\/legitgrams.com\/pt\/wp-json\/wp\/v2\/comments?post=5354"}],"wp:featuredmedia":[{"embeddable":true,"href":"https:\/\/legitgrams.com\/pt\/wp-json\/wp\/v2\/media\/5355"}],"wp:attachment":[{"href":"https:\/\/legitgrams.com\/pt\/wp-json\/wp\/v2\/media?parent=5354"}],"wp:term":[{"taxonomy":"product_brand","embeddable":true,"href":"https:\/\/legitgrams.com\/pt\/wp-json\/wp\/v2\/product_brand?post=5354"},{"taxonomy":"product_cat","embeddable":true,"href":"https:\/\/legitgrams.com\/pt\/wp-json\/wp\/v2\/product_cat?post=5354"},{"taxonomy":"product_tag","embeddable":true,"href":"https:\/\/legitgrams.com\/pt\/wp-json\/wp\/v2\/product_tag?post=5354"}],"curies":[{"name":"wp","href":"https:\/\/api.w.org\/{rel}","templated":true}]}}