{"id":3311,"date":"2024-08-03T05:49:32","date_gmt":"2024-08-03T05:49:32","guid":{"rendered":"https:\/\/cokebricks.com\/?post_type=product&#038;p=3311"},"modified":"2025-01-13T09:15:28","modified_gmt":"2025-01-13T09:15:28","slug":"%e9%98%bf%e6%99%ae%e5%94%91%e4%bb%91","status":"publish","type":"product","link":"https:\/\/legitgrams.com\/zh\/%e4%ba%a7%e5%93%81\/%e9%98%bf%e6%99%ae%e5%94%91%e4%bb%91\/","title":{"rendered":"\u963f\u666e\u5511\u4ed1"},"content":{"rendered":"<h2>\u51fa\u552e\uff1a\u963f\u666e\u5511\u4ed1\u7c89<\/h2>\n<p><a href=\"https:\/\/en.wikipedia.org\/wiki\/Alprazolam\">\u963f\u666e\u5511\u4ed1<\/a> \u662f\u4e00\u79cd\u5f3a\u6548\u3001\u5feb\u901f\u8d77\u6548\u7684\u82ef\u4e8c\u6c2e\u5353\u7c7b\u836f\u7269\uff0c\u53ef\u653e\u677e\u4e2d\u67a2\u795e\u7ecf\u7cfb\u7edf\u3002\u60a8\u53ef\u4ee5\u5728\u7ebf\u8d2d\u4e70\u3002\u5982\u679c\u60a8\u60f3\u8d2d\u4e70 <a href=\"https:\/\/legitgrams.com\/zh\/%e4%ba%a7%e5%93%81\/%e9%98%bf%e6%99%ae%e5%94%91%e4%bb%91\/\">\u963f\u666e\u5511\u4ed1\u7c89\u5728\u7ebf<\/a> \u5e76\u5e0c\u671b\u786e\u5b9a\u60a8\u83b7\u5f97\u7684\u662f\u9ad8\u54c1\u8d28\u7c89\u672b\uff0c\u90a3\u4e48 Shenchulab \u5c31\u662f\u60a8\u7684\u6700\u4f73\u9009\u62e9\u3002<\/p>\n<p>\u6b64\u5916\uff0c\u963f\u666e\u5511\u4ed1\u7c89\u5e02\u573a\u6839\u636e\u5730\u57df\u3001\u6700\u7ec8\u7528\u6237\u548c\u5e94\u7528\u8fdb\u884c\u7ec6\u5206\u3002<\/p>\n<p>V d\u016fsledku toho se v z\u00e1vislosti na aplikaci mohou \u00fazkost, deprese, nespavost a panick\u00e9 poruchy li\u0161it.<\/p>\n<p>\u6b64\u5916\uff0c\u6839\u636e\u6700\u7ec8\u7528\u6237\uff0c\u5b83\u53c8\u5206\u4e3a\u7814\u7a76\u673a\u6784\u3001\u5236\u836f\u516c\u53f8\u548c\u5176\u4ed6\u7ec4\u7ec7\uff08\u8bca\u6240\u548c\u533b\u9662\uff09\u3002\u51fa\u552e\u963f\u666e\u5511\u4ed1\u7c89\u3002<\/p>\n<p>\u5c3d\u7ba1\u5982\u6b64\uff0c\u5b83\u8fd8\u662f\u5728\u4ee5\u4e0b\u5730\u7406\u533a\u57df\u8fdb\u884c\u4e86\u7814\u7a76\uff1a\u5317\u7f8e\u3001\u6b27\u6d32\u3001\u4e9a\u592a\u5730\u533a\u548c\u62c9\u7f8e\u548c\u4e2d\u4e1c\u5730\u533a\u3002<br \/>\n\u2022 \u4e3b\u8981\u4f18\u70b9\uff1a\u5c3d\u7ba1\u5982\u6b64\uff0c\u7814\u7a76<\/p>\n<p>\u2022 \u4e3b\u8981\u4f18\u52bf\uff1a\u5c3d\u7ba1\u5982\u6b64\uff0c\u8be5\u7814\u7a76\u5bf9\u963f\u666e\u5511\u4ed1\u7c89\u5242\u7684\u5168\u7403\u5e02\u573a\u8fdb\u884c\u4e86\u5f7b\u5e95\u7684\u5206\u6790\uff0c\u8003\u8651\u4e86\u5f53\u524d\u548c\u9884\u6d4b\u7684\u8d8b\u52bf\u4ee5\u53ca\u672a\u6765\u7684\u9884\u6d4b\uff0c\u4ee5\u786e\u5b9a\u6f5c\u5728\u7684\u6295\u8d44\u673a\u4f1a\u3002<\/p>\n<p>\u56e0\u6b64\uff0c\u6211\u4eec\u5bf9\u4fc3\u8fdb\u548c\u963b\u788d\u5e02\u573a\u589e\u957f\u7684\u56e0\u7d20\u8fdb\u884c\u4e86\u5f7b\u5e95\u7684\u68c0\u67e5\u3002 <a href=\"https:\/\/legitgrams.com\/zh\/\">LegitGrams<\/a><\/p>\n<p>\u2022 \u4e3a\u4e86\u5e2e\u52a9\u611f\u5174\u8da3\u7684\u5404\u65b9\u5229\u7528\u5f53\u524d\u7684\u5e02\u573a\u673a\u4f1a\uff0c\u8be5\u7814\u7a76\u8fd8\u63d0\u4f9b\u4e86\u5b9a\u91cf\u5206\u6790\u3002<\/p>\n<p>\u56e0\u6b64\uff0c\u4ed4\u7ec6\u8003\u8651\u591a\u4e2a\u5e02\u573a\u7fa4\u4f53\u65f6\uff0c\u4f1a\u66f4\u5bb9\u6613\u7406\u89e3\u4f9b\u5e94\u62a5\u4ef7\u3002<\/p>\n<p>\u2022 \u7136\u800c\uff0c\u4e3a\u4e86\u9884\u6d4b\u5e02\u573a\u7684\u7ade\u4e89\u73af\u5883\uff0c\u9700\u8981\u5bf9\u4e3b\u8981\u7ade\u4e89\u5bf9\u624b\u4f7f\u7528\u7684\u7b56\u7565\u8fdb\u884c\u8be6\u7ec6\u68c0\u67e5\u3002\u5728\u7ebf\u8d2d\u4e70\u963f\u666e\u5511\u4ed1\u7c89\u672b<\/p>\n<h3>\u7c89\u72b6\u963f\u666e\u5511\u4ed1\u7684\u4e3b\u8981\u7ec6\u5206\u5e02\u573a\uff1a<\/h3>\n<p>\u5229\u7528\u5e94\u7528\u969c\u788d\u6cbb\u7597\u7126\u8651\u75c7\u548c\u6050\u614c\u75c7<\/p>\n<p>\u6291\u90c1\u548c\u5931\u7720<\/p>\n<p>Legitgrams\u3001\u6700\u7ec8\u7528\u6237\u7814\u7a76\u673a\u6784\u548c\u5176\u4ed6\u76f8\u5173\u65b9\uff08\u8bca\u6240\u548c\u533b\u9662\uff09\u5728\u7ebf\u9500\u552e\u963f\u666e\u5511\u4ed1\u3002<\/p>","protected":false},"excerpt":{"rendered":"<p>For Sale: Alprazolam Powder Alprazolam is a potent, fast-acting benzodiazepine that relaxes the central nervous system. You can buy it online. If you want to buy alprazolam powder online and want to be certain that you&#8217;re getting a high-quality powder, go no further than Shenchulab. Furthermore, the Alprazolam Powder market is segmented based on geography, &hellip;<\/p>\n<p class=\"read-more\"> <a class=\"\" href=\"https:\/\/legitgrams.com\/zh\/%e4%ba%a7%e5%93%81\/%e9%98%bf%e6%99%ae%e5%94%91%e4%bb%91\/\"> <span class=\"screen-reader-text\">\u963f\u666e\u5511\u4ed1<\/span> \u9605\u8bfb\u66f4\u591a \"<\/a><\/p>","protected":false},"featured_media":3327,"comment_status":"open","ping_status":"closed","template":"","meta":{"_uag_custom_page_level_css":"","site-sidebar-layout":"default","site-content-layout":"default","ast-global-header-display":"","ast-main-header-display":"","ast-hfb-above-header-display":"","ast-hfb-below-header-display":"","ast-hfb-mobile-header-display":"","site-post-title":"","ast-breadcrumbs-content":"","ast-featured-img":"","footer-sml-layout":"","theme-transparent-header-meta":"default","adv-header-id-meta":"","stick-header-meta":"default","header-above-stick-meta":"","header-main-stick-meta":"","header-below-stick-meta":"","_joinchat":[]},"product_brand":[],"product_cat":[190],"product_tag":[195,196,197,198,199,200,201,202,203,204,205,206,207,208,209,210,211,212,213,214,215,216,217,218,219,220],"class_list":{"0":"post-3311","1":"product","2":"type-product","3":"status-publish","4":"has-post-thumbnail","6":"product_cat-cannabinoids","7":"product_tag-alprazolam-brazil","8":"product_tag-alprazolam-for-sale-australia","9":"product_tag-alprazolam-for-sale-canada","10":"product_tag-alprazolam-for-sale-near-me","11":"product_tag-alprazolam-for-sale-uk","12":"product_tag-alprazolam-for-sale-usa","13":"product_tag-alprazolam-germany","14":"product_tag-alprazolam-powder-online","15":"product_tag-buy-alprazolam","16":"product_tag-buy-alprazolam-2mg","17":"product_tag-buy-alprazolam-near-me","18":"product_tag-buy-alprazolam-online","19":"product_tag-buy-alprazolam-powder","20":"product_tag-buy-alprazolam-powder-online","21":"product_tag-buy-alprazolam-powder-online-safely","22":"product_tag-buy-alprazolam-powder-usa","23":"product_tag-buy-xanax-2mg","24":"product_tag-buy-xanax-powder","25":"product_tag-hjow-to-buy-alprazolam-online-safe","26":"product_tag-how-can-i-order-alprazolam-xanax","27":"product_tag-legit-alprazolam-supplier","28":"product_tag-legit-alprazolam-vendiors","29":"product_tag-where-can-you-buy-alprazolam-powder-online","30":"product_tag-where-to-buy-alprazolam-online-usa","31":"product_tag-xanax-2mg-australia","32":"product_tag-you-can-purchase-alprazolam-xanax-powder","33":"desktop-align-left","34":"tablet-align-left","35":"mobile-align-left","36":"ast-product-gallery-layout-horizontal","37":"ast-product-gallery-with-no-image","38":"ast-product-single-variable","39":"ast-product-tabs-layout-horizontal","40":"ast-qv-on-image","42":"first","43":"instock","44":"shipping-taxable","45":"purchasable","46":"product-type-variable"},"yoast_head":"<!-- This site is optimized with the Yoast SEO plugin v25.9 - https:\/\/yoast.com\/wordpress\/plugins\/seo\/ -->\n<title>Alprazolam Powder for Sale - Buy Alprazolam Online | LegitGrams<\/title>\n<meta name=\"description\" content=\"Are you looking for alprazolam powder for sale online? LegitGrams is a leading store where you can buy alprazolam online at the best price. Order Now with Discreet Shipping!\" \/>\n<meta name=\"robots\" content=\"index, follow, max-snippet:-1, max-image-preview:large, max-video-preview:-1\" \/>\n<link rel=\"canonical\" href=\"https:\/\/legitgrams.com\/zh\/\u4ea7\u54c1\/\u963f\u666e\u5511\u4ed1\/\" \/>\n<meta property=\"og:locale\" content=\"zh_CN\" \/>\n<meta property=\"og:type\" content=\"article\" \/>\n<meta property=\"og:title\" content=\"Alprazolam Powder for Sale - Buy Alprazolam Online | LegitGrams\" \/>\n<meta property=\"og:description\" content=\"Are you looking for alprazolam powder for sale online? LegitGrams is a leading store where you can buy alprazolam online at the best price. Order Now with Discreet Shipping!\" \/>\n<meta property=\"og:url\" content=\"https:\/\/legitgrams.com\/zh\/\u4ea7\u54c1\/\u963f\u666e\u5511\u4ed1\/\" \/>\n<meta property=\"og:site_name\" content=\"Legit Grams\" \/>\n<meta property=\"article:modified_time\" content=\"2025-01-13T09:15:28+00:00\" \/>\n<meta property=\"og:image\" content=\"https:\/\/legitgrams.com\/wp-content\/uploads\/2024\/08\/Alprazolam.gif\" \/>\n\t<meta property=\"og:image:width\" content=\"600\" \/>\n\t<meta property=\"og:image:height\" content=\"600\" \/>\n\t<meta property=\"og:image:type\" content=\"image\/gif\" \/>\n<meta name=\"twitter:card\" content=\"summary_large_image\" \/>\n<meta name=\"twitter:label1\" content=\"\u9884\u8ba1\u9605\u8bfb\u65f6\u95f4\" \/>\n\t<meta name=\"twitter:data1\" content=\"2 \u5206\" \/>\n<script type=\"application\/ld+json\" class=\"yoast-schema-graph\">{\"@context\":\"https:\/\/schema.org\",\"@graph\":[{\"@type\":\"WebPage\",\"@id\":\"https:\/\/legitgrams.com\/product\/alprazolam\/\",\"url\":\"https:\/\/legitgrams.com\/product\/alprazolam\/\",\"name\":\"Alprazolam Powder for Sale - Buy Alprazolam Online | LegitGrams\",\"isPartOf\":{\"@id\":\"https:\/\/legitgrams.com\/#website\"},\"primaryImageOfPage\":{\"@id\":\"https:\/\/legitgrams.com\/product\/alprazolam\/#primaryimage\"},\"image\":{\"@id\":\"https:\/\/legitgrams.com\/product\/alprazolam\/#primaryimage\"},\"thumbnailUrl\":\"https:\/\/legitgrams.com\/wp-content\/uploads\/2024\/08\/Alprazolam.gif\",\"datePublished\":\"2024-08-03T05:49:32+00:00\",\"dateModified\":\"2025-01-13T09:15:28+00:00\",\"description\":\"Are you looking for alprazolam powder for sale online? LegitGrams is a leading store where you can buy alprazolam online at the best price. Order Now with Discreet Shipping!\",\"breadcrumb\":{\"@id\":\"https:\/\/legitgrams.com\/product\/alprazolam\/#breadcrumb\"},\"inLanguage\":\"zh-Hans\",\"potentialAction\":[{\"@type\":\"ReadAction\",\"target\":[\"https:\/\/legitgrams.com\/product\/alprazolam\/\"]}]},{\"@type\":\"ImageObject\",\"inLanguage\":\"zh-Hans\",\"@id\":\"https:\/\/legitgrams.com\/product\/alprazolam\/#primaryimage\",\"url\":\"https:\/\/legitgrams.com\/wp-content\/uploads\/2024\/08\/Alprazolam.gif\",\"contentUrl\":\"https:\/\/legitgrams.com\/wp-content\/uploads\/2024\/08\/Alprazolam.gif\",\"width\":600,\"height\":600,\"caption\":\"Alprazolam Powder for Sale\"},{\"@type\":\"BreadcrumbList\",\"@id\":\"https:\/\/legitgrams.com\/product\/alprazolam\/#breadcrumb\",\"itemListElement\":[{\"@type\":\"ListItem\",\"position\":1,\"name\":\"Home\",\"item\":\"https:\/\/legitgrams.com\/\"},{\"@type\":\"ListItem\",\"position\":2,\"name\":\"Shop\",\"item\":\"https:\/\/legitgrams.com\/shop\/\"},{\"@type\":\"ListItem\",\"position\":3,\"name\":\"Alprazolam\"}]},{\"@type\":\"WebSite\",\"@id\":\"https:\/\/legitgrams.com\/#website\",\"url\":\"https:\/\/legitgrams.com\/\",\"name\":\"Legit Grams\",\"description\":\"My WordPress Blog\",\"publisher\":{\"@id\":\"https:\/\/legitgrams.com\/#organization\"},\"potentialAction\":[{\"@type\":\"SearchAction\",\"target\":{\"@type\":\"EntryPoint\",\"urlTemplate\":\"https:\/\/legitgrams.com\/?s={search_term_string}\"},\"query-input\":{\"@type\":\"PropertyValueSpecification\",\"valueRequired\":true,\"valueName\":\"search_term_string\"}}],\"inLanguage\":\"zh-Hans\"},{\"@type\":\"Organization\",\"@id\":\"https:\/\/legitgrams.com\/#organization\",\"name\":\"Legit Grams\",\"url\":\"https:\/\/legitgrams.com\/\",\"logo\":{\"@type\":\"ImageObject\",\"inLanguage\":\"zh-Hans\",\"@id\":\"https:\/\/legitgrams.com\/#\/schema\/logo\/image\/\",\"url\":\"https:\/\/legitgrams.com\/wp-content\/uploads\/2024\/09\/main-logo.png\",\"contentUrl\":\"https:\/\/legitgrams.com\/wp-content\/uploads\/2024\/09\/main-logo.png\",\"width\":270,\"height\":75,\"caption\":\"Legit Grams\"},\"image\":{\"@id\":\"https:\/\/legitgrams.com\/#\/schema\/logo\/image\/\"}}]}<\/script>\n<!-- \/ Yoast SEO plugin. -->","yoast_head_json":{"title":"\u963f\u666e\u5511\u4ed1\u7c89\u672b\u51fa\u552e - \u5728\u7ebf\u8d2d\u4e70\u963f\u666e\u5511\u4ed1 | LegitGrams","description":"\u60a8\u662f\u5426\u6b63\u5728\u5bfb\u627e\u963f\u666e\u5511\u4ed1\u7c89\u672b\u5728\u7ebf\u9500\u552e\uff1fLegitGrams \u662f\u4e00\u5bb6\u9886\u5148\u7684\u5546\u5e97\uff0c\u60a8\u53ef\u4ee5\u5728\u8fd9\u91cc\u4ee5\u6700\u4f18\u60e0\u7684\u4ef7\u683c\u5728\u7ebf\u8d2d\u4e70\u963f\u666e\u5511\u4ed1\u3002\u7acb\u5373\u8ba2\u8d2d\uff0c\u8c28\u614e\u53d1\u8d27\uff01","robots":{"index":"index","follow":"follow","max-snippet":"max-snippet:-1","max-image-preview":"max-image-preview:large","max-video-preview":"max-video-preview:-1"},"canonical":"https:\/\/legitgrams.com\/zh\/\u4ea7\u54c1\/\u963f\u666e\u5511\u4ed1\/","og_locale":"zh_CN","og_type":"article","og_title":"Alprazolam Powder for Sale - Buy Alprazolam Online | LegitGrams","og_description":"Are you looking for alprazolam powder for sale online? LegitGrams is a leading store where you can buy alprazolam online at the best price. Order Now with Discreet Shipping!","og_url":"https:\/\/legitgrams.com\/zh\/\u4ea7\u54c1\/\u963f\u666e\u5511\u4ed1\/","og_site_name":"Legit Grams","article_modified_time":"2025-01-13T09:15:28+00:00","og_image":[{"width":600,"height":600,"url":"https:\/\/legitgrams.com\/wp-content\/uploads\/2024\/08\/Alprazolam.gif","type":"image\/gif"}],"twitter_card":"summary_large_image","twitter_misc":{"\u9884\u8ba1\u9605\u8bfb\u65f6\u95f4":"2 \u5206"},"schema":{"@context":"https:\/\/schema.org","@graph":[{"@type":"WebPage","@id":"https:\/\/legitgrams.com\/product\/alprazolam\/","url":"https:\/\/legitgrams.com\/product\/alprazolam\/","name":"\u963f\u666e\u5511\u4ed1\u7c89\u672b\u51fa\u552e - \u5728\u7ebf\u8d2d\u4e70\u963f\u666e\u5511\u4ed1 | LegitGrams","isPartOf":{"@id":"https:\/\/legitgrams.com\/#website"},"primaryImageOfPage":{"@id":"https:\/\/legitgrams.com\/product\/alprazolam\/#primaryimage"},"image":{"@id":"https:\/\/legitgrams.com\/product\/alprazolam\/#primaryimage"},"thumbnailUrl":"https:\/\/legitgrams.com\/wp-content\/uploads\/2024\/08\/Alprazolam.gif","datePublished":"2024-08-03T05:49:32+00:00","dateModified":"2025-01-13T09:15:28+00:00","description":"\u60a8\u662f\u5426\u6b63\u5728\u5bfb\u627e\u963f\u666e\u5511\u4ed1\u7c89\u672b\u5728\u7ebf\u9500\u552e\uff1fLegitGrams \u662f\u4e00\u5bb6\u9886\u5148\u7684\u5546\u5e97\uff0c\u60a8\u53ef\u4ee5\u5728\u8fd9\u91cc\u4ee5\u6700\u4f18\u60e0\u7684\u4ef7\u683c\u5728\u7ebf\u8d2d\u4e70\u963f\u666e\u5511\u4ed1\u3002\u7acb\u5373\u8ba2\u8d2d\uff0c\u8c28\u614e\u53d1\u8d27\uff01","breadcrumb":{"@id":"https:\/\/legitgrams.com\/product\/alprazolam\/#breadcrumb"},"inLanguage":"zh-Hans","potentialAction":[{"@type":"ReadAction","target":["https:\/\/legitgrams.com\/product\/alprazolam\/"]}]},{"@type":"ImageObject","inLanguage":"zh-Hans","@id":"https:\/\/legitgrams.com\/product\/alprazolam\/#primaryimage","url":"https:\/\/legitgrams.com\/wp-content\/uploads\/2024\/08\/Alprazolam.gif","contentUrl":"https:\/\/legitgrams.com\/wp-content\/uploads\/2024\/08\/Alprazolam.gif","width":600,"height":600,"caption":"Alprazolam Powder for Sale"},{"@type":"BreadcrumbList","@id":"https:\/\/legitgrams.com\/product\/alprazolam\/#breadcrumb","itemListElement":[{"@type":"ListItem","position":1,"name":"Home","item":"https:\/\/legitgrams.com\/"},{"@type":"ListItem","position":2,"name":"Shop","item":"https:\/\/legitgrams.com\/shop\/"},{"@type":"ListItem","position":3,"name":"Alprazolam"}]},{"@type":"WebSite","@id":"https:\/\/legitgrams.com\/#website","url":"https:\/\/legitgrams.com\/","name":"\u5408\u6cd5\u514b","description":"\u6211\u7684 WordPress \u535a\u5ba2","publisher":{"@id":"https:\/\/legitgrams.com\/#organization"},"potentialAction":[{"@type":"SearchAction","target":{"@type":"EntryPoint","urlTemplate":"https:\/\/legitgrams.com\/?s={search_term_string}"},"query-input":{"@type":"PropertyValueSpecification","valueRequired":true,"valueName":"search_term_string"}}],"inLanguage":"zh-Hans"},{"@type":"Organization","@id":"https:\/\/legitgrams.com\/#organization","name":"\u5408\u6cd5\u514b","url":"https:\/\/legitgrams.com\/","logo":{"@type":"ImageObject","inLanguage":"zh-Hans","@id":"https:\/\/legitgrams.com\/#\/schema\/logo\/image\/","url":"https:\/\/legitgrams.com\/wp-content\/uploads\/2024\/09\/main-logo.png","contentUrl":"https:\/\/legitgrams.com\/wp-content\/uploads\/2024\/09\/main-logo.png","width":270,"height":75,"caption":"Legit Grams"},"image":{"@id":"https:\/\/legitgrams.com\/#\/schema\/logo\/image\/"}}]}},"uagb_featured_image_src":{"full":["https:\/\/legitgrams.com\/wp-content\/uploads\/2024\/08\/Alprazolam.gif",600,600,false],"thumbnail":["https:\/\/legitgrams.com\/wp-content\/uploads\/2024\/08\/Alprazolam-150x150.gif",150,150,true],"medium":["https:\/\/legitgrams.com\/wp-content\/uploads\/2024\/08\/Alprazolam-300x300.gif",300,300,true],"medium_large":["https:\/\/legitgrams.com\/wp-content\/uploads\/2024\/08\/Alprazolam.gif",600,600,false],"large":["https:\/\/legitgrams.com\/wp-content\/uploads\/2024\/08\/Alprazolam.gif",600,600,false],"1536x1536":["https:\/\/legitgrams.com\/wp-content\/uploads\/2024\/08\/Alprazolam.gif",600,600,false],"2048x2048":["https:\/\/legitgrams.com\/wp-content\/uploads\/2024\/08\/Alprazolam.gif",600,600,false],"trp-custom-language-flag":["https:\/\/legitgrams.com\/wp-content\/uploads\/2024\/08\/Alprazolam-12x12.gif",12,12,true],"woocommerce_thumbnail":["https:\/\/legitgrams.com\/wp-content\/uploads\/2024\/08\/Alprazolam-300x300.gif",300,300,true],"woocommerce_single":["https:\/\/legitgrams.com\/wp-content\/uploads\/2024\/08\/Alprazolam.gif",600,600,false],"woocommerce_gallery_thumbnail":["https:\/\/legitgrams.com\/wp-content\/uploads\/2024\/08\/Alprazolam-100x100.gif",100,100,true]},"uagb_author_info":{"display_name":"cokeblog18","author_link":"https:\/\/legitgrams.com\/zh\/author\/"},"uagb_comment_info":4,"uagb_excerpt":"For Sale: Alprazolam Powder Alprazolam is a potent, fast-acting benzodiazepine that relaxes the central nervous system. You can buy it online. If you want to buy alprazolam powder online and want to be certain that you&#8217;re getting a high-quality powder, go no further than Shenchulab. Furthermore, the Alprazolam Powder market is segmented based on geography,&hellip;","_links":{"self":[{"href":"https:\/\/legitgrams.com\/zh\/wp-json\/wp\/v2\/product\/3311","targetHints":{"allow":["GET"]}}],"collection":[{"href":"https:\/\/legitgrams.com\/zh\/wp-json\/wp\/v2\/product"}],"about":[{"href":"https:\/\/legitgrams.com\/zh\/wp-json\/wp\/v2\/types\/product"}],"replies":[{"embeddable":true,"href":"https:\/\/legitgrams.com\/zh\/wp-json\/wp\/v2\/comments?post=3311"}],"wp:featuredmedia":[{"embeddable":true,"href":"https:\/\/legitgrams.com\/zh\/wp-json\/wp\/v2\/media\/3327"}],"wp:attachment":[{"href":"https:\/\/legitgrams.com\/zh\/wp-json\/wp\/v2\/media?parent=3311"}],"wp:term":[{"taxonomy":"product_brand","embeddable":true,"href":"https:\/\/legitgrams.com\/zh\/wp-json\/wp\/v2\/product_brand?post=3311"},{"taxonomy":"product_cat","embeddable":true,"href":"https:\/\/legitgrams.com\/zh\/wp-json\/wp\/v2\/product_cat?post=3311"},{"taxonomy":"product_tag","embeddable":true,"href":"https:\/\/legitgrams.com\/zh\/wp-json\/wp\/v2\/product_tag?post=3311"}],"curies":[{"name":"wp","href":"https:\/\/api.w.org\/{rel}","templated":true}]}}