{"id":4003,"date":"2024-09-21T07:43:45","date_gmt":"2024-09-21T07:43:45","guid":{"rendered":"https:\/\/legitgrams.com\/?post_type=product&#038;p=4003"},"modified":"2025-01-13T09:14:46","modified_gmt":"2025-01-13T09:14:46","slug":"ald-52-blotters-100mcg","status":"publish","type":"product","link":"https:\/\/legitgrams.com\/zh\/%e4%ba%a7%e5%93%81\/ald-52-blotters-100mcg\/","title":{"rendered":"ALD-52 100 \u6beb\u5fae\u514b\u5438\u9644\u5242"},"content":{"rendered":"<h2>100mcg ALD-52 \u5438\u58a8\u7eb8\u51fa\u552e<\/h2>\n<p>\u5ef6\u7f13 ALD-52 \u5386\u53f2\u6240\u9700\u7684\u591a\u79cd\u7814\u7a76\u7269\u8d28\u548c\u72ec\u7279\u7684 ALD-52 \u540d\u79f0\u7684\u7ed3\u5408\uff0c\u4f7f ALD-52 \u6210\u4e3a\u4e00\u79cd\u72ec\u7279\u7684\u836f\u7269\u3002\u7814\u7a76\u4eba\u5458 <a href=\"https:\/\/legitgrams.com\/zh\/%e4%ba%a7%e5%93%81\/ald-52-blotters-100mcg\/\">\u5728\u7ebf\u8d2d\u4e70 ALD-52<\/a> \u7528\u4e8e\u533b\u7597\u3001\u5a31\u4e50\u548c\u8c03\u67e5\u9886\u57df\u3002ALD-52 \u7684\u7cbe\u795e\u6d3b\u6027\u5c5e\u6027\u4f7f\u5176\u5728\u5b9e\u9a8c\u5ba4\u5de5\u4f5c\u4eba\u5458\u548c\u4e3b\u9898\u4e13\u5bb6\u4e2d\u65e0\u53ef\u4e89\u8bae\u3002\u4e3a\u4e86\u611f\u5230\u6ee1\u8db3\u3001\u5174\u594b\u3001\u4fdd\u6301\u7cbe\u529b\u5145\u6c9b\u548c\u8fdb\u884c\u66f4\u591a\u6027\u751f\u6d3b\uff0c\u8bb8\u591a\u666e\u901a\u6d88\u8d39\u8005\u51b3\u5b9a\u8d2d\u4e70\u5e73\u4ef7\u5546\u54c1\u3002<\/p>\n<p>\u8bf7\u6ce8\u610f\uff0c\u4e3a\u4e86\u5b9e\u73b0\u5b8c\u5168\u53d7\u63a7\u7684\u6536\u96c6\u8fc7\u7a0b\uff0c\u8bf7\u9009\u62e9\u4f7f\u7528\u6700\u4f73\u53d1\u5c55\u6280\u672f\u5236\u9020\u7684 ALD-52\u3002\u591a\u5e74\u6765\uff0c\u7814\u7a76\u7684\u8fdb\u6b65\u4f7f\u5f97\u80fd\u591f\u89c4\u8303\u4e2d\u56fd\u5b9e\u9a8c\u5ba4\u7684\u5de5\u827a\u6c34\u5e73\uff0c\u8fd9\u4e9b\u5b9e\u9a8c\u5ba4\u901a\u8fc7\u51fa\u552e\u751f\u4ea7\u7684\u6df7\u5408\u7269\u6765\u5236\u9020\u6240\u6709\u6c90\u6d74\u76d0\u3002<\/p>\n<p>\u4f5c\u4e3a\u4e00\u5bb6\u9876\u7ea7\u4f9b\u5e94\u5546\uff0c\u6211\u4eec\u516c\u53f8\u76f4\u63a5\u4e0e\u4e2d\u56fd\u77e5\u540d\u673a\u6784\u5408\u4f5c\u3002\u8fd9\u4f7f\u6211\u4eec\u80fd\u591f\u4ea4\u6362\u8d28\u91cf\u6700\u4f73\u3001\u54c1\u8d28\u5b8c\u7f8e\u7684\u6c90\u6d74\u76d0\u3002 <a href=\"https:\/\/en.wikipedia.org\/wiki\/ALD-52\">ALD-52<\/a> \u662f\u5728\u4e25\u683c\u76d1\u7763\u4e0b\u6309\u7167\u6240\u6709\u539f\u5219\u6df7\u5408\u800c\u6210\u7684\u3002\u901a\u8fc7\u4ed4\u7ec6\u6743\u8861\u6700\u65b0\u7684\u3001\u6700\u53ef\u9760\u7684\u4fe1\u606f\uff0c\u5728\u6700\u4f73\u7f51\u7ad9\u4e0a\u9009\u62e9\u6700\u4f18\u60e0\u7684\u4ef7\u683c\u6765\u8d2d\u4e70\u7814\u7a76\u8bbe\u8ba1\u7684\u6750\u6599\u3002\u4e2d\u56fd\u5b9e\u9a8c\u5ba4\u8fd0\u9001 ALD-52 \u9897\u7c92\u3001ALD-52 \u5370\u8ff9\u8868\u9762\u548c ALD-52 \u7c89\u672b\u3002\u6258\u8fd0\u4eba ALD-52 \u53ef\u4ee5\u8fd0\u9001\u5230\u4efb\u4f55\u56fd\u5bb6\u3002\u5982\u679c\u60a8\u4e0e\u53ef\u9760\u7684 ALD-52 \u63d0\u4f9b\u5546\u5bc6\u5207\u5408\u4f5c\uff0c\u60a8\u53ef\u4ee5\u786e\u4fe1\u60a8\u7684\u6d4b\u8bd5\u548c\u8c03\u67e5\u5c06\u4ea7\u751f\u91cd\u5927\u7684\u5ef6\u8fdf\u540e\u679c\u3002 <a href=\"https:\/\/legitgrams.com\/zh\/\">LegitGrams<\/a><\/p>\n<p>\u8be5\u4f9b\u5e94\u5546\u957f\u671f\u4ee5\u6765\u4e00\u76f4\u662f\u53ef\u9760\u7684\u8bc4\u4f30\u5316\u5b66\u54c1\u5236\u9020\u5546\u3002\u5ba2\u6237\u4e3a\u8be5\u7f51\u7ad9\u5728\u6574\u4e2a reschems \u7f51\u7edc\u4e2d\u7684\u5353\u8d8a\u58f0\u8a89\u505a\u51fa\u4e86\u8d21\u732e\u3002\u51fa\u552e Ald-52\u3001\u8d2d\u4e70 ald-52\u3001\u8d2d\u4e70 ald-52\u3001\u8d2d\u4e70 ald-52 \u4fe1\u8a89\u826f\u597d\u7684 RC \u4f9b\u5e94\u5546\u63d0\u4f9b\u7ecf\u9a8c\u4e30\u5bcc\u7684\u9ad8\u7ba1\u5168\u5929\u5019\u5b9e\u65f6\u804a\u5929\u534f\u52a9\uff0c\u4ed6\u4eec\u53ef\u4ee5\u5e2e\u52a9\u60a8\u89e3\u51b3\u4efb\u4f55\u56f0\u96be\u7684\u60c5\u51b5\u3002<\/p>\n<p>\u6211\u4eec\u7684\u5ba2\u6237\u5bf9\u6211\u4eec\u7cbe\u5fc3\u8bbe\u8ba1\u3001\u53ef\u5b9e\u73b0\u7684\u4ea7\u54c1\u7ed9\u4e88\u4e86\u79ef\u6781\u7684\u8bc4\u4ef7\uff0c\u8fd9\u4e9b\u8bc4\u4ef7\u53ef\u4ee5\u5728\u5728\u7ebf\u804a\u5929\u4e2d\u627e\u5230\u3002\u8fd9\u4e9b\u6d88\u8d39\u8005\u76ee\u524d\u5bf9\u4ed6\u4eec\u4ece\u6211\u4eec\u7684\u5728\u7ebf\u5546\u5e97\u8d2d\u4e70\u7684\u6700\u597d\u7684\u4ea7\u54c1\u4ee5\u53ca\u4ed6\u4eec\u5f97\u5230\u7684\u5e2e\u52a9\u611f\u5230\u6ee1\u610f\u3002<\/p>\n<p>V\u00e1s\u00e1roljon ALD-52 itat\u00f3t online: V\u00e1s\u00e1roljon ALD-52 itat\u00f3t | V\u00e1s\u00e1roljon ALD-52 Blotters | V\u00e1s\u00e1roljon ALD-52 Blotters | Hol kaphat\u00f3 ALD-52 blotterek | ALD-52 blotterek elad\u00f3k | Blotterek elad\u00f3k | V\u00e1s\u00e1roljon ALD-52 Blotters | V\u00e1s\u00e1roljon ALD-52 blottereket online | V\u00e1s\u00e1roljon ALD-52 blottereket az Egyes\u00fclt \u00c1llamokban, Kanad\u00e1ban \u00e9s az Egyes\u00fclt Kir\u00e1lys\u00e1gban, online v\u00e1s\u00e1rl\u00e1s, besz\u00e1ll\u00edt\u00f3k, biztons\u00e1gos sz\u00e1ll\u00edt\u00e1s, az ALD-52 blotterek tov\u00e1bbra is el\u00e9rhet\u0151k. Hogyan rendelhetek ALD-52 blottereket, leg\u00e1lisak Kanad\u00e1ban, \u00e9s leg\u00e1lisak megv\u00e1s\u00e1rolhat\u00f3k az Egyes\u00fclt \u00c1llamokban?<\/p>","protected":false},"excerpt":{"rendered":"<p>100mcg of ALD-52 Blotters for Sale The combination of multiple research substances that are required to delay ALD-52 history and unique ALD-52 names makes ALD-52 a unique drug. Researchers buy ALD-52 online for use in the medicinal, recreational, and investigative fields. ALD-52 psychotropic attributions made it indisputable among lab staff and subject matter experts. In &hellip;<\/p>\n<p class=\"read-more\"> <a class=\"\" href=\"https:\/\/legitgrams.com\/zh\/%e4%ba%a7%e5%93%81\/ald-52-blotters-100mcg\/\"> <span class=\"screen-reader-text\">ALD-52 100 \u6beb\u5fae\u514b\u5438\u9644\u5242<\/span> \u9605\u8bfb\u66f4\u591a \"<\/a><\/p>","protected":false},"featured_media":5266,"comment_status":"open","ping_status":"closed","template":"","meta":{"_uag_custom_page_level_css":"","site-sidebar-layout":"default","site-content-layout":"default","ast-global-header-display":"","ast-main-header-display":"","ast-hfb-above-header-display":"","ast-hfb-below-header-display":"","ast-hfb-mobile-header-display":"","site-post-title":"","ast-breadcrumbs-content":"","ast-featured-img":"","footer-sml-layout":"","theme-transparent-header-meta":"default","adv-header-id-meta":"","stick-header-meta":"default","header-above-stick-meta":"","header-main-stick-meta":"","header-below-stick-meta":"","_joinchat":[]},"product_brand":[],"product_cat":[600],"product_tag":[2996,3000,2999,3007,2998,3008,3010,3017,3018,3016,3013,3015,3005,617,2997,3012,3009,3004,3002,3014,3011,625,3003,3006,3001],"class_list":{"0":"post-4003","1":"product","2":"type-product","3":"status-publish","4":"has-post-thumbnail","6":"product_cat-research-chemicals-and-bath-salt","7":"product_tag-ald-52-blotters-100mcg","8":"product_tag-ald-52-blotters-100mcg-ald-52-blotters-100mcg-supplier","9":"product_tag-ald-52-blotters-100mcg-for-sale","10":"product_tag-ald-52-blotters-100mcg-legally","11":"product_tag-ald-52-blotters-100mcg-online","12":"product_tag-ald-52-blotters-100mcg-price","13":"product_tag-ald-52-blotters-100mcg-store","14":"product_tag-ald-52-blotters-100mcg-use","15":"product_tag-ald-52-blotters-100mcg-wiki","16":"product_tag-ald-52-blotters-100mcg-worldwide","17":"product_tag-ald-52-blotters-100mcgs","18":"product_tag-best-cheap-price-ald-52-blotters-100mcg","19":"product_tag-best-place-to-buy-ald-52-blotters-100mcg","20":"product_tag-bulk-online","21":"product_tag-buy-ald-52-blotters-100mcg","22":"product_tag-cheap-ald-52-blotters-100mcg","23":"product_tag-high-quality-ald-52-blotters-100mcg","24":"product_tag-how-to-buy-ald-52-blotters-100mcg","25":"product_tag-order-ald-52-blotters-100mcg","26":"product_tag-purcharse-ald-52-blotters-100mcg","27":"product_tag-shop-ald-52-blotters-100mcg","28":"product_tag-top-quality","29":"product_tag-where-to-buy-ald-52-blotters-100mcg","30":"product_tag-where-to-order-ald-52-blotters-100mcg","31":"product_tag-wholesale-ald-52-blotters-100mcg","32":"desktop-align-left","33":"tablet-align-left","34":"mobile-align-left","35":"ast-product-gallery-layout-horizontal","36":"ast-product-gallery-with-no-image","37":"ast-product-single-variable","38":"ast-product-tabs-layout-horizontal","39":"ast-qv-on-image","41":"first","42":"instock","43":"shipping-taxable","44":"purchasable","45":"product-type-variable"},"yoast_head":"<!-- This site is optimized with the Yoast SEO plugin v25.9 - https:\/\/yoast.com\/wordpress\/plugins\/seo\/ -->\n<title>ALD-52 Blotters 100mcg for Sale - Buy ALD-52 Blotters Online<\/title>\n<meta name=\"description\" content=\"Here is the chance to grab ALD-52 Blotters 100mcg for sale at cheap price. Our online LegitGrams store is selling to buy ALD-52 Blotters 100mcg worldwide. Order ALD-52 Blotters 100mcg Online Today!\" \/>\n<meta name=\"robots\" content=\"index, follow, max-snippet:-1, max-image-preview:large, max-video-preview:-1\" \/>\n<link rel=\"canonical\" href=\"https:\/\/legitgrams.com\/zh\/\u4ea7\u54c1\/ald-52-blotters-100mcg\/\" \/>\n<meta property=\"og:locale\" content=\"zh_CN\" \/>\n<meta property=\"og:type\" content=\"article\" \/>\n<meta property=\"og:title\" content=\"ALD-52 Blotters 100mcg for Sale - Buy ALD-52 Blotters Online\" \/>\n<meta property=\"og:description\" content=\"Here is the chance to grab ALD-52 Blotters 100mcg for sale at cheap price. Our online LegitGrams store is selling to buy ALD-52 Blotters 100mcg worldwide. Order ALD-52 Blotters 100mcg Online Today!\" \/>\n<meta property=\"og:url\" content=\"https:\/\/legitgrams.com\/zh\/\u4ea7\u54c1\/ald-52-blotters-100mcg\/\" \/>\n<meta property=\"og:site_name\" content=\"Legit Grams\" \/>\n<meta property=\"article:modified_time\" content=\"2025-01-13T09:14:46+00:00\" \/>\n<meta property=\"og:image\" content=\"https:\/\/legitgrams.com\/wp-content\/uploads\/2024\/09\/ald-52-blotters.jpg\" \/>\n\t<meta property=\"og:image:width\" content=\"600\" \/>\n\t<meta property=\"og:image:height\" content=\"600\" \/>\n\t<meta property=\"og:image:type\" content=\"image\/jpeg\" \/>\n<meta name=\"twitter:card\" content=\"summary_large_image\" \/>\n<meta name=\"twitter:label1\" content=\"\u9884\u8ba1\u9605\u8bfb\u65f6\u95f4\" \/>\n\t<meta name=\"twitter:data1\" content=\"2 \u5206\" \/>\n<script type=\"application\/ld+json\" class=\"yoast-schema-graph\">{\"@context\":\"https:\/\/schema.org\",\"@graph\":[{\"@type\":\"WebPage\",\"@id\":\"https:\/\/legitgrams.com\/product\/ald-52-blotters-100mcg\/\",\"url\":\"https:\/\/legitgrams.com\/product\/ald-52-blotters-100mcg\/\",\"name\":\"ALD-52 Blotters 100mcg for Sale - Buy ALD-52 Blotters Online\",\"isPartOf\":{\"@id\":\"https:\/\/legitgrams.com\/#website\"},\"primaryImageOfPage\":{\"@id\":\"https:\/\/legitgrams.com\/product\/ald-52-blotters-100mcg\/#primaryimage\"},\"image\":{\"@id\":\"https:\/\/legitgrams.com\/product\/ald-52-blotters-100mcg\/#primaryimage\"},\"thumbnailUrl\":\"https:\/\/legitgrams.com\/wp-content\/uploads\/2024\/09\/ald-52-blotters.jpg\",\"datePublished\":\"2024-09-21T07:43:45+00:00\",\"dateModified\":\"2025-01-13T09:14:46+00:00\",\"description\":\"Here is the chance to grab ALD-52 Blotters 100mcg for sale at cheap price. Our online LegitGrams store is selling to buy ALD-52 Blotters 100mcg worldwide. Order ALD-52 Blotters 100mcg Online Today!\",\"breadcrumb\":{\"@id\":\"https:\/\/legitgrams.com\/product\/ald-52-blotters-100mcg\/#breadcrumb\"},\"inLanguage\":\"zh-Hans\",\"potentialAction\":[{\"@type\":\"ReadAction\",\"target\":[\"https:\/\/legitgrams.com\/product\/ald-52-blotters-100mcg\/\"]}]},{\"@type\":\"ImageObject\",\"inLanguage\":\"zh-Hans\",\"@id\":\"https:\/\/legitgrams.com\/product\/ald-52-blotters-100mcg\/#primaryimage\",\"url\":\"https:\/\/legitgrams.com\/wp-content\/uploads\/2024\/09\/ald-52-blotters.jpg\",\"contentUrl\":\"https:\/\/legitgrams.com\/wp-content\/uploads\/2024\/09\/ald-52-blotters.jpg\",\"width\":600,\"height\":600,\"caption\":\"ALD-52 Blotters 100mcg for Sale\"},{\"@type\":\"BreadcrumbList\",\"@id\":\"https:\/\/legitgrams.com\/product\/ald-52-blotters-100mcg\/#breadcrumb\",\"itemListElement\":[{\"@type\":\"ListItem\",\"position\":1,\"name\":\"Home\",\"item\":\"https:\/\/legitgrams.com\/\"},{\"@type\":\"ListItem\",\"position\":2,\"name\":\"Shop\",\"item\":\"https:\/\/legitgrams.com\/shop\/\"},{\"@type\":\"ListItem\",\"position\":3,\"name\":\"ALD-52 Blotters 100mcg\"}]},{\"@type\":\"WebSite\",\"@id\":\"https:\/\/legitgrams.com\/#website\",\"url\":\"https:\/\/legitgrams.com\/\",\"name\":\"Legit Grams\",\"description\":\"My WordPress Blog\",\"publisher\":{\"@id\":\"https:\/\/legitgrams.com\/#organization\"},\"potentialAction\":[{\"@type\":\"SearchAction\",\"target\":{\"@type\":\"EntryPoint\",\"urlTemplate\":\"https:\/\/legitgrams.com\/?s={search_term_string}\"},\"query-input\":{\"@type\":\"PropertyValueSpecification\",\"valueRequired\":true,\"valueName\":\"search_term_string\"}}],\"inLanguage\":\"zh-Hans\"},{\"@type\":\"Organization\",\"@id\":\"https:\/\/legitgrams.com\/#organization\",\"name\":\"Legit Grams\",\"url\":\"https:\/\/legitgrams.com\/\",\"logo\":{\"@type\":\"ImageObject\",\"inLanguage\":\"zh-Hans\",\"@id\":\"https:\/\/legitgrams.com\/#\/schema\/logo\/image\/\",\"url\":\"https:\/\/legitgrams.com\/wp-content\/uploads\/2024\/09\/main-logo.png\",\"contentUrl\":\"https:\/\/legitgrams.com\/wp-content\/uploads\/2024\/09\/main-logo.png\",\"width\":270,\"height\":75,\"caption\":\"Legit Grams\"},\"image\":{\"@id\":\"https:\/\/legitgrams.com\/#\/schema\/logo\/image\/\"}}]}<\/script>\n<!-- \/ Yoast SEO plugin. -->","yoast_head_json":{"title":"ALD-52 100mcg Blotters \u9500\u552e - \u5728\u7ebf\u8d2d\u4e70 ALD-52 Blotters","description":"\u73b0\u5728\u6709\u673a\u4f1a\u4ee5\u4f4e\u4ef7\u8d2d\u4e70 ALD-52 Blotters 100mcg\u3002\u6211\u4eec\u7684\u5728\u7ebf LegitGrams \u5546\u5e97\u5728\u5168\u7403\u8303\u56f4\u5185\u9500\u552e\u8d2d\u4e70 ALD-52 Blotters 100mcg\u3002\u7acb\u5373\u5728\u7ebf\u8ba2\u8d2d ALD-52 Blotters 100mcg\uff01","robots":{"index":"index","follow":"follow","max-snippet":"max-snippet:-1","max-image-preview":"max-image-preview:large","max-video-preview":"max-video-preview:-1"},"canonical":"https:\/\/legitgrams.com\/zh\/\u4ea7\u54c1\/ald-52-blotters-100mcg\/","og_locale":"zh_CN","og_type":"article","og_title":"ALD-52 Blotters 100mcg for Sale - Buy ALD-52 Blotters Online","og_description":"Here is the chance to grab ALD-52 Blotters 100mcg for sale at cheap price. Our online LegitGrams store is selling to buy ALD-52 Blotters 100mcg worldwide. Order ALD-52 Blotters 100mcg Online Today!","og_url":"https:\/\/legitgrams.com\/zh\/\u4ea7\u54c1\/ald-52-blotters-100mcg\/","og_site_name":"Legit Grams","article_modified_time":"2025-01-13T09:14:46+00:00","og_image":[{"width":600,"height":600,"url":"https:\/\/legitgrams.com\/wp-content\/uploads\/2024\/09\/ald-52-blotters.jpg","type":"image\/jpeg"}],"twitter_card":"summary_large_image","twitter_misc":{"\u9884\u8ba1\u9605\u8bfb\u65f6\u95f4":"2 \u5206"},"schema":{"@context":"https:\/\/schema.org","@graph":[{"@type":"WebPage","@id":"https:\/\/legitgrams.com\/product\/ald-52-blotters-100mcg\/","url":"https:\/\/legitgrams.com\/product\/ald-52-blotters-100mcg\/","name":"ALD-52 100mcg Blotters \u9500\u552e - \u5728\u7ebf\u8d2d\u4e70 ALD-52 Blotters","isPartOf":{"@id":"https:\/\/legitgrams.com\/#website"},"primaryImageOfPage":{"@id":"https:\/\/legitgrams.com\/product\/ald-52-blotters-100mcg\/#primaryimage"},"image":{"@id":"https:\/\/legitgrams.com\/product\/ald-52-blotters-100mcg\/#primaryimage"},"thumbnailUrl":"https:\/\/legitgrams.com\/wp-content\/uploads\/2024\/09\/ald-52-blotters.jpg","datePublished":"2024-09-21T07:43:45+00:00","dateModified":"2025-01-13T09:14:46+00:00","description":"\u73b0\u5728\u6709\u673a\u4f1a\u4ee5\u4f4e\u4ef7\u8d2d\u4e70 ALD-52 Blotters 100mcg\u3002\u6211\u4eec\u7684\u5728\u7ebf LegitGrams \u5546\u5e97\u5728\u5168\u7403\u8303\u56f4\u5185\u9500\u552e\u8d2d\u4e70 ALD-52 Blotters 100mcg\u3002\u7acb\u5373\u5728\u7ebf\u8ba2\u8d2d ALD-52 Blotters 100mcg\uff01","breadcrumb":{"@id":"https:\/\/legitgrams.com\/product\/ald-52-blotters-100mcg\/#breadcrumb"},"inLanguage":"zh-Hans","potentialAction":[{"@type":"ReadAction","target":["https:\/\/legitgrams.com\/product\/ald-52-blotters-100mcg\/"]}]},{"@type":"ImageObject","inLanguage":"zh-Hans","@id":"https:\/\/legitgrams.com\/product\/ald-52-blotters-100mcg\/#primaryimage","url":"https:\/\/legitgrams.com\/wp-content\/uploads\/2024\/09\/ald-52-blotters.jpg","contentUrl":"https:\/\/legitgrams.com\/wp-content\/uploads\/2024\/09\/ald-52-blotters.jpg","width":600,"height":600,"caption":"ALD-52 Blotters 100mcg for Sale"},{"@type":"BreadcrumbList","@id":"https:\/\/legitgrams.com\/product\/ald-52-blotters-100mcg\/#breadcrumb","itemListElement":[{"@type":"ListItem","position":1,"name":"Home","item":"https:\/\/legitgrams.com\/"},{"@type":"ListItem","position":2,"name":"Shop","item":"https:\/\/legitgrams.com\/shop\/"},{"@type":"ListItem","position":3,"name":"ALD-52 Blotters 100mcg"}]},{"@type":"WebSite","@id":"https:\/\/legitgrams.com\/#website","url":"https:\/\/legitgrams.com\/","name":"\u5408\u6cd5\u514b","description":"\u6211\u7684 WordPress \u535a\u5ba2","publisher":{"@id":"https:\/\/legitgrams.com\/#organization"},"potentialAction":[{"@type":"SearchAction","target":{"@type":"EntryPoint","urlTemplate":"https:\/\/legitgrams.com\/?s={search_term_string}"},"query-input":{"@type":"PropertyValueSpecification","valueRequired":true,"valueName":"search_term_string"}}],"inLanguage":"zh-Hans"},{"@type":"Organization","@id":"https:\/\/legitgrams.com\/#organization","name":"\u5408\u6cd5\u514b","url":"https:\/\/legitgrams.com\/","logo":{"@type":"ImageObject","inLanguage":"zh-Hans","@id":"https:\/\/legitgrams.com\/#\/schema\/logo\/image\/","url":"https:\/\/legitgrams.com\/wp-content\/uploads\/2024\/09\/main-logo.png","contentUrl":"https:\/\/legitgrams.com\/wp-content\/uploads\/2024\/09\/main-logo.png","width":270,"height":75,"caption":"Legit Grams"},"image":{"@id":"https:\/\/legitgrams.com\/#\/schema\/logo\/image\/"}}]}},"uagb_featured_image_src":{"full":["https:\/\/legitgrams.com\/wp-content\/uploads\/2024\/09\/ald-52-blotters.jpg",600,600,false],"thumbnail":["https:\/\/legitgrams.com\/wp-content\/uploads\/2024\/09\/ald-52-blotters-150x150.jpg",150,150,true],"medium":["https:\/\/legitgrams.com\/wp-content\/uploads\/2024\/09\/ald-52-blotters-300x300.jpg",300,300,true],"medium_large":["https:\/\/legitgrams.com\/wp-content\/uploads\/2024\/09\/ald-52-blotters.jpg",600,600,false],"large":["https:\/\/legitgrams.com\/wp-content\/uploads\/2024\/09\/ald-52-blotters.jpg",600,600,false],"1536x1536":["https:\/\/legitgrams.com\/wp-content\/uploads\/2024\/09\/ald-52-blotters.jpg",600,600,false],"2048x2048":["https:\/\/legitgrams.com\/wp-content\/uploads\/2024\/09\/ald-52-blotters.jpg",600,600,false],"trp-custom-language-flag":["https:\/\/legitgrams.com\/wp-content\/uploads\/2024\/09\/ald-52-blotters-12x12.jpg",12,12,true],"woocommerce_thumbnail":["https:\/\/legitgrams.com\/wp-content\/uploads\/2024\/09\/ald-52-blotters-300x300.jpg",300,300,true],"woocommerce_single":["https:\/\/legitgrams.com\/wp-content\/uploads\/2024\/09\/ald-52-blotters.jpg",600,600,false],"woocommerce_gallery_thumbnail":["https:\/\/legitgrams.com\/wp-content\/uploads\/2024\/09\/ald-52-blotters-100x100.jpg",100,100,true]},"uagb_author_info":{"display_name":"cokeblog18","author_link":"https:\/\/legitgrams.com\/zh\/author\/"},"uagb_comment_info":0,"uagb_excerpt":"100mcg of ALD-52 Blotters for Sale The combination of multiple research substances that are required to delay ALD-52 history and unique ALD-52 names makes ALD-52 a unique drug. Researchers buy ALD-52 online for use in the medicinal, recreational, and investigative fields. ALD-52 psychotropic attributions made it indisputable among lab staff and subject matter experts. In&hellip;","_links":{"self":[{"href":"https:\/\/legitgrams.com\/zh\/wp-json\/wp\/v2\/product\/4003","targetHints":{"allow":["GET"]}}],"collection":[{"href":"https:\/\/legitgrams.com\/zh\/wp-json\/wp\/v2\/product"}],"about":[{"href":"https:\/\/legitgrams.com\/zh\/wp-json\/wp\/v2\/types\/product"}],"replies":[{"embeddable":true,"href":"https:\/\/legitgrams.com\/zh\/wp-json\/wp\/v2\/comments?post=4003"}],"wp:featuredmedia":[{"embeddable":true,"href":"https:\/\/legitgrams.com\/zh\/wp-json\/wp\/v2\/media\/5266"}],"wp:attachment":[{"href":"https:\/\/legitgrams.com\/zh\/wp-json\/wp\/v2\/media?parent=4003"}],"wp:term":[{"taxonomy":"product_brand","embeddable":true,"href":"https:\/\/legitgrams.com\/zh\/wp-json\/wp\/v2\/product_brand?post=4003"},{"taxonomy":"product_cat","embeddable":true,"href":"https:\/\/legitgrams.com\/zh\/wp-json\/wp\/v2\/product_cat?post=4003"},{"taxonomy":"product_tag","embeddable":true,"href":"https:\/\/legitgrams.com\/zh\/wp-json\/wp\/v2\/product_tag?post=4003"}],"curies":[{"name":"wp","href":"https:\/\/api.w.org\/{rel}","templated":true}]}}