{"id":4246,"date":"2024-09-22T06:58:30","date_gmt":"2024-09-22T06:58:30","guid":{"rendered":"https:\/\/legitgrams.com\/?post_type=product&#038;p=4246"},"modified":"2025-01-14T07:53:53","modified_gmt":"2025-01-14T07:53:53","slug":"%e6%b6%b2%e6%80%81%e9%b8%a6%e7%89%87-200ug-%e6%bb%b4%e5%89%82","status":"publish","type":"product","link":"https:\/\/legitgrams.com\/zh\/%e4%ba%a7%e5%93%81\/%e6%b6%b2%e6%80%81%e9%b8%a6%e7%89%87-200ug-%e6%bb%b4%e5%89%82\/","title":{"rendered":"\u6db2\u6001 LSD 200ug Drop"},"content":{"rendered":"<h2>\u5728\u7ebf\u8d2d\u4e70\u4e00\u6ef4 200ug \u6db2\u4f53 LSD\u3002<\/h2>\n<p>\u83b7\u53d6 l<a href=\"https:\/\/legitgrams.com\/zh\/%e4%ba%a7%e5%93%81\/%e6%b6%b2%e6%80%81%e9%b8%a6%e7%89%87-200ug-%e6%bb%b4%e5%89%82\/\">\u6db2\u4f53\u9e26\u7247 200ug<\/a> \u5e76\u4ee5\u5408\u7406\u7684\u4ef7\u683c\u51fa\u552e\u3002<\/p>\n<h3>\u4ec0\u4e48\u662f LSD \u6db2\u4f53\uff1f<\/h3>\n<p>\u9ed1\u9ea6\u8611\u83c7\u542b\u6709\u4e00\u79cd\u5316\u5b66\u7269\u8d28\uff0c\u53ef\u7528\u4e8e\u5236\u9020\u81f4\u5e7b\u836f LSD\uff08\u9ea6\u89d2\u9178\u4e8c\u4e59\u9170\u80fa\uff09\u3002\u8fd9\u79cd\u836f\u7269\u6700\u8457\u540d\u7684\u7528\u9014\u662f\u5728 20 \u4e16\u7eaa 60 \u5e74\u4ee3\u7684\u53cd\u4e3b\u6d41\u6587\u5316\u8fd0\u52a8\u4e2d\uff0c\u968f\u540e\u7684\u7981\u4ee4\u635f\u5bb3\u4e86\u5b83\u7684\u58f0\u8a89\u3002<\/p>\n<p>LSD \u662f\u745e\u58eb\u79d1\u5b66\u5bb6\u963f\u5c14\u4f2f\u7279\u00b7\u970d\u592b\u66fc\u4e8e 1938 \u5e74\u5728\u745e\u58eb\u82cf\u9ece\u4e16\u5b9e\u9a8c\u5ba4\u4e2d\u7814\u5236\u51fa\u6765\u7684\u30021943 \u5e74\uff0c\u4ed6\u5076\u7136\u53d1\u73b0\u4e86 LSD \u7684\u81f4\u5e7b\u7279\u6027\uff0c\u5f53\u65f6\u5c11\u91cf LSD \u6cbe\u5230\u76ae\u80a4\u4e0a\u3002 <a href=\"https:\/\/legitgrams.com\/zh\/\">LegitGrams<\/a><\/p>\n<p>\u670d\u7528 LSD\u3002LSD \u662f\u5e02\u573a\u4e0a\u6700\u6709\u6548\u7684\u81f4\u5e7b\u5242\u4e4b\u4e00\uff0c\u5177\u6709\u5e7f\u6cdb\u7684\u6587\u5316\u3001\u7cbe\u795e\u548c\u6cbb\u7597\u7528\u9014\u3002<\/p>\n<h3>\u836f\u7406\u5b66\uff1a\u5728\u7ebf\u8d2d\u4e70\u4fbf\u5b9c\u7684 200 \u5fae\u514b\u6db2\u4f53 LSD \u548c\u6ef4\u5242<\/h3>\n<p>\u5185\u670d\u65f6\uff0cLSD \u53ef\u4f5c\u4e3a 5-HT\uff08\u8840\u6e05\u7d20\uff09\u53d7\u4f53\u6fc0\u6d3b\u5242\uff0c\u5e76\u4f7f\u8c03\u8282\u5927\u8111\u8840\u6e05\u7d20\u6c34\u5e73\u7684\u7cfb\u7edf\u5931\u6d3b\uff0c\u5bfc\u81f4\u8840\u6e05\u7d20\u6c34\u5e73\u660e\u663e\u5347\u9ad8\u3002\u5728\u7ebf\u8d2d\u4e70 200 \u5fae\u514b\u6298\u6263\u6db2\u6001 LSD\u3002200 \u5fae\u514b\u6db2\u6001 LSD \u7684\u4ef7\u683c<\/p>\n<p>Z 15 r\u016fzn\u00fdch serotoninov\u00fdch receptor\u016f v mozku preferuje LSD p\u0159edev\u0161\u00edm podtyp 2A (5-HT2A). Receptor 5-HT2A se pod\u00edl\u00ed na kognitivn\u00edch procesech v prefront\u00e1ln\u00edm kortexu. Vzhledem k tomu, \u017ee mnoho v\u00fdhod LSD poch\u00e1z\u00ed z prefront\u00e1ln\u00edho kortexu, je to d\u016fle\u017eit\u00fd aspekt.<\/p>\n<h3>LSD \u662f\u5982\u4f55\u4ea7\u751f\u7684\uff1f<\/h3>\n<p>\u5bf9\u6709\u673a\u5316\u5b66\u6709\u6781\u597d\u7684\u5b9e\u8df5\u7406\u89e3\uff0c\u62e5\u6709\u4e00\u4e2a\u529f\u80fd\u9f50\u5168\u7684\u5b9e\u9a8c\u5ba4\uff08\u914d\u6709\u6697\u5ba4\u548c\u8bbe\u5907\u6d88\u6bd2\u529f\u80fd\uff09\uff0c\u5e76\u4e14\u7f09\u6bd2\u5c40 (DEA) \u76ee\u524d\u6b63\u5728\u4e25\u683c\u76d1\u63a7\u6216\u9650\u5236\u5236\u9020 LSD \u6240\u9700\u7684\u8bb8\u591a\u5316\u5b66\u54c1\u7684\u9500\u552e\u3002\u4e0e\u751f\u4ea7\u7532\u57fa\u82ef\u4e19\u80fa\u6240\u9700\u7684\u6210\u5206\u4e0d\u540c\uff0c\u8fd9\u4e9b\u6210\u5206\u5728\u5927\u591a\u6570\u65e5\u5e38\u5bb6\u5c45\u7528\u54c1\u4e2d\u90fd\u4e0d\u5b58\u5728\u3002<\/p>\n<p>\u524d\u989d\u76ae\u8d28\u88ab\u8ba4\u4e3a\u53c2\u4e0e\u51b3\u7b56\u3001\u590d\u6742\u7684\u8ba4\u77e5\u884c\u4e3a\u89c4\u5212\u3001\u793e\u4f1a\u884c\u4e3a\u8c03\u8282\u548c\u4e2a\u6027\u8868\u8fbe\u3002\u5728\u7ebf\u8d2d\u4e70 200 \u5fae\u514b\u6253\u6298\u7684\u6db2\u6001 LSD\u3002\u4ece\u5176\u4ed6\u5927\u8111\u7cfb\u7edf\u63a5\u6536\u4fe1\u606f\u5e76\u5e94\u7528\u5b83\u505a\u51fa\u4ee5\u76ee\u6807\u4e3a\u5bfc\u5411\u7684\u51b3\u7b56\u7684\u80fd\u529b\u540c\u6837\u81f3\u5173\u91cd\u8981\u3002<\/p>\n<p>LSD \u7684\u6548\u679c\uff1fLSD \u7684\u6548\u679c\u5305\u62ec\uff1a\u9ea6\u89d2\u9178\u4e8c\u4e59\u9170\u80fa\uff0c\u6216 <a href=\"https:\/\/en.wikipedia.org\/wiki\/LSD\">LSD<\/a>\uff0c\u662f\u4e00\u79cd\u975e\u6cd5\u836f\u7269\uff0c\u4f1a\u5f15\u8d77\u5e7b\u89c9\u548c\u611f\u89c9\u6539\u53d8\u3002<\/p>\n<h2><\/h2>\n<h2><\/h2>\n<h2><\/h2>\n<h2><\/h2>\n<p>&nbsp;<\/p>","protected":false},"excerpt":{"rendered":"<p>Purchase a 200ug drop of liquid LSD online. Get liquid lsd 200ug online and drop it at a reasonable price. What is LSD Liquid? Rye mushrooms contain a chemical that is used to make the hallucinogenic drug known as LSD, or lysergic acid diethylamide. Its most well-known use was during the counterculture of the 1960s, &hellip;<\/p>\n<p class=\"read-more\"> <a class=\"\" href=\"https:\/\/legitgrams.com\/zh\/%e4%ba%a7%e5%93%81\/%e6%b6%b2%e6%80%81%e9%b8%a6%e7%89%87-200ug-%e6%bb%b4%e5%89%82\/\"> <span class=\"screen-reader-text\">\u6db2\u6001 LSD 200ug Drop<\/span> \u9605\u8bfb\u66f4\u591a \"<\/a><\/p>","protected":false},"featured_media":5285,"comment_status":"open","ping_status":"closed","template":"","meta":{"_uag_custom_page_level_css":"","site-sidebar-layout":"default","site-content-layout":"default","ast-global-header-display":"","ast-main-header-display":"","ast-hfb-above-header-display":"","ast-hfb-below-header-display":"","ast-hfb-mobile-header-display":"","site-post-title":"","ast-breadcrumbs-content":"","ast-featured-img":"","footer-sml-layout":"","theme-transparent-header-meta":"default","adv-header-id-meta":"","stick-header-meta":"default","header-above-stick-meta":"","header-main-stick-meta":"","header-below-stick-meta":"","_joinchat":[]},"product_brand":[],"product_cat":[600],"product_tag":[1704,1694,617,1686,1701,1698,1693,1685,1688,1696,1689,1687,1699,1706,1707,1705,1697,1702,1691,1703,1700,625,1692,1695,1690],"class_list":{"0":"post-4246","1":"product","2":"type-product","3":"status-publish","4":"has-post-thumbnail","6":"product_cat-research-chemicals-and-bath-salt","7":"product_tag-best-cheap-price-liquid-lsd-200ug-drop","8":"product_tag-best-place-to-buy-liquid-lsd-200ug-drop","9":"product_tag-bulk-online","10":"product_tag-buy-liquid-lsd-200ug-drop","11":"product_tag-cheap-liquid-lsd-200ug-drop","12":"product_tag-high-quality-liquid-lsd-200ug-drop","13":"product_tag-how-to-buy-liquid-lsd-200ug-drop","14":"product_tag-liquid-lsd-200ug-drop","15":"product_tag-liquid-lsd-200ug-drop-for-sale","16":"product_tag-liquid-lsd-200ug-drop-legally","17":"product_tag-liquid-lsd-200ug-drop-liquid-lsd-200ug-drop-supplier","18":"product_tag-liquid-lsd-200ug-drop-online","19":"product_tag-liquid-lsd-200ug-drop-store","20":"product_tag-liquid-lsd-200ug-drop-use","21":"product_tag-liquid-lsd-200ug-drop-wiki","22":"product_tag-liquid-lsd-200ug-drop-worldwide","23":"product_tag-liquid-lsd-200ug-dropprice","24":"product_tag-liquid-lsd-200ug-drops","25":"product_tag-order-liquid-lsd-200ug-drop","26":"product_tag-purcharse-liquid-lsd-200ug-drop","27":"product_tag-shop-liquid-lsd-200ug-drop","28":"product_tag-top-quality","29":"product_tag-where-to-buy-liquid-lsd-200ug-drop","30":"product_tag-where-to-order-liquid-lsd-200ug-drop","31":"product_tag-wholesale-liquid-lsd-200ug-drop","32":"desktop-align-left","33":"tablet-align-left","34":"mobile-align-left","35":"ast-product-gallery-layout-horizontal","36":"ast-product-gallery-with-no-image","37":"ast-product-single-variable","38":"ast-product-tabs-layout-horizontal","39":"ast-qv-on-image","41":"first","42":"instock","43":"shipping-taxable","44":"purchasable","45":"product-type-variable"},"yoast_head":"<!-- This site is optimized with the Yoast SEO plugin v25.9 - https:\/\/yoast.com\/wordpress\/plugins\/seo\/ -->\n<title>liquid LSD 200ug Drop for Sale - Buy liquid LSD 200ug Drop Online<\/title>\n<meta name=\"description\" content=\"You can get in touch with our Legitgrams store and buy liquid LSD 200ug Drop online. We have liquid LSD 200ug Drop for sale at cheap prices. Get yours at your place right away!\" \/>\n<meta name=\"robots\" content=\"index, follow, max-snippet:-1, max-image-preview:large, max-video-preview:-1\" \/>\n<link rel=\"canonical\" href=\"https:\/\/legitgrams.com\/zh\/\u4ea7\u54c1\/\u6db2\u6001\u9e26\u7247-200ug-\u6ef4\u5242\/\" \/>\n<meta property=\"og:locale\" content=\"zh_CN\" \/>\n<meta property=\"og:type\" content=\"article\" \/>\n<meta property=\"og:title\" content=\"liquid LSD 200ug Drop for Sale - Buy liquid LSD 200ug Drop Online\" \/>\n<meta property=\"og:description\" content=\"You can get in touch with our Legitgrams store and buy liquid LSD 200ug Drop online. We have liquid LSD 200ug Drop for sale at cheap prices. Get yours at your place right away!\" \/>\n<meta property=\"og:url\" content=\"https:\/\/legitgrams.com\/zh\/\u4ea7\u54c1\/\u6db2\u6001\u9e26\u7247-200ug-\u6ef4\u5242\/\" \/>\n<meta property=\"og:site_name\" content=\"Legit Grams\" \/>\n<meta property=\"article:modified_time\" content=\"2025-01-14T07:53:53+00:00\" \/>\n<meta property=\"og:image\" content=\"https:\/\/legitgrams.com\/wp-content\/uploads\/2024\/09\/buy-liquid-lsd-200ug-drop-online-cheap-1.jpg\" \/>\n\t<meta property=\"og:image:width\" content=\"600\" \/>\n\t<meta property=\"og:image:height\" content=\"600\" \/>\n\t<meta property=\"og:image:type\" content=\"image\/jpeg\" \/>\n<meta name=\"twitter:card\" content=\"summary_large_image\" \/>\n<meta name=\"twitter:label1\" content=\"\u9884\u8ba1\u9605\u8bfb\u65f6\u95f4\" \/>\n\t<meta name=\"twitter:data1\" content=\"2 \u5206\" \/>\n<script type=\"application\/ld+json\" class=\"yoast-schema-graph\">{\"@context\":\"https:\/\/schema.org\",\"@graph\":[{\"@type\":\"WebPage\",\"@id\":\"https:\/\/legitgrams.com\/product\/liquid-lsd-200ug-drop\/\",\"url\":\"https:\/\/legitgrams.com\/product\/liquid-lsd-200ug-drop\/\",\"name\":\"liquid LSD 200ug Drop for Sale - Buy liquid LSD 200ug Drop Online\",\"isPartOf\":{\"@id\":\"https:\/\/legitgrams.com\/#website\"},\"primaryImageOfPage\":{\"@id\":\"https:\/\/legitgrams.com\/product\/liquid-lsd-200ug-drop\/#primaryimage\"},\"image\":{\"@id\":\"https:\/\/legitgrams.com\/product\/liquid-lsd-200ug-drop\/#primaryimage\"},\"thumbnailUrl\":\"https:\/\/legitgrams.com\/wp-content\/uploads\/2024\/09\/buy-liquid-lsd-200ug-drop-online-cheap-1.jpg\",\"datePublished\":\"2024-09-22T06:58:30+00:00\",\"dateModified\":\"2025-01-14T07:53:53+00:00\",\"description\":\"You can get in touch with our Legitgrams store and buy liquid LSD 200ug Drop online. We have liquid LSD 200ug Drop for sale at cheap prices. Get yours at your place right away!\",\"breadcrumb\":{\"@id\":\"https:\/\/legitgrams.com\/product\/liquid-lsd-200ug-drop\/#breadcrumb\"},\"inLanguage\":\"zh-Hans\",\"potentialAction\":[{\"@type\":\"ReadAction\",\"target\":[\"https:\/\/legitgrams.com\/product\/liquid-lsd-200ug-drop\/\"]}]},{\"@type\":\"ImageObject\",\"inLanguage\":\"zh-Hans\",\"@id\":\"https:\/\/legitgrams.com\/product\/liquid-lsd-200ug-drop\/#primaryimage\",\"url\":\"https:\/\/legitgrams.com\/wp-content\/uploads\/2024\/09\/buy-liquid-lsd-200ug-drop-online-cheap-1.jpg\",\"contentUrl\":\"https:\/\/legitgrams.com\/wp-content\/uploads\/2024\/09\/buy-liquid-lsd-200ug-drop-online-cheap-1.jpg\",\"width\":600,\"height\":600,\"caption\":\"liquid LSD 200ug Drop for Sale\"},{\"@type\":\"BreadcrumbList\",\"@id\":\"https:\/\/legitgrams.com\/product\/liquid-lsd-200ug-drop\/#breadcrumb\",\"itemListElement\":[{\"@type\":\"ListItem\",\"position\":1,\"name\":\"Home\",\"item\":\"https:\/\/legitgrams.com\/\"},{\"@type\":\"ListItem\",\"position\":2,\"name\":\"Shop\",\"item\":\"https:\/\/legitgrams.com\/shop\/\"},{\"@type\":\"ListItem\",\"position\":3,\"name\":\"liquid LSD 200ug Drop\"}]},{\"@type\":\"WebSite\",\"@id\":\"https:\/\/legitgrams.com\/#website\",\"url\":\"https:\/\/legitgrams.com\/\",\"name\":\"Legit Grams\",\"description\":\"My WordPress Blog\",\"publisher\":{\"@id\":\"https:\/\/legitgrams.com\/#organization\"},\"potentialAction\":[{\"@type\":\"SearchAction\",\"target\":{\"@type\":\"EntryPoint\",\"urlTemplate\":\"https:\/\/legitgrams.com\/?s={search_term_string}\"},\"query-input\":{\"@type\":\"PropertyValueSpecification\",\"valueRequired\":true,\"valueName\":\"search_term_string\"}}],\"inLanguage\":\"zh-Hans\"},{\"@type\":\"Organization\",\"@id\":\"https:\/\/legitgrams.com\/#organization\",\"name\":\"Legit Grams\",\"url\":\"https:\/\/legitgrams.com\/\",\"logo\":{\"@type\":\"ImageObject\",\"inLanguage\":\"zh-Hans\",\"@id\":\"https:\/\/legitgrams.com\/#\/schema\/logo\/image\/\",\"url\":\"https:\/\/legitgrams.com\/wp-content\/uploads\/2024\/09\/main-logo.png\",\"contentUrl\":\"https:\/\/legitgrams.com\/wp-content\/uploads\/2024\/09\/main-logo.png\",\"width\":270,\"height\":75,\"caption\":\"Legit Grams\"},\"image\":{\"@id\":\"https:\/\/legitgrams.com\/#\/schema\/logo\/image\/\"}}]}<\/script>\n<!-- \/ Yoast SEO plugin. -->","yoast_head_json":{"title":"\u51fa\u552e\u6db2\u4f53 LSD 200ug \u6ef4\u5242 - \u5728\u7ebf\u8d2d\u4e70\u6db2\u4f53 LSD 200ug \u6ef4\u5242","description":"\u60a8\u53ef\u4ee5\u8054\u7cfb\u6211\u4eec\u7684 Legitgrams \u5546\u5e97\uff0c\u5728\u7ebf\u8d2d\u4e70\u6db2\u6001 LSD 200ug Drop\u3002\u6211\u4eec\u6709\u6db2\u4f53 LSD 200ug Drop \u4ee5\u4f4e\u5ec9\u7684\u4ef7\u683c\u51fa\u552e\u3002\u73b0\u5728\u5c31\u53bb\u8d2d\u4e70\u5427\uff01","robots":{"index":"index","follow":"follow","max-snippet":"max-snippet:-1","max-image-preview":"max-image-preview:large","max-video-preview":"max-video-preview:-1"},"canonical":"https:\/\/legitgrams.com\/zh\/\u4ea7\u54c1\/\u6db2\u6001\u9e26\u7247-200ug-\u6ef4\u5242\/","og_locale":"zh_CN","og_type":"article","og_title":"liquid LSD 200ug Drop for Sale - Buy liquid LSD 200ug Drop Online","og_description":"You can get in touch with our Legitgrams store and buy liquid LSD 200ug Drop online. We have liquid LSD 200ug Drop for sale at cheap prices. Get yours at your place right away!","og_url":"https:\/\/legitgrams.com\/zh\/\u4ea7\u54c1\/\u6db2\u6001\u9e26\u7247-200ug-\u6ef4\u5242\/","og_site_name":"Legit Grams","article_modified_time":"2025-01-14T07:53:53+00:00","og_image":[{"width":600,"height":600,"url":"https:\/\/legitgrams.com\/wp-content\/uploads\/2024\/09\/buy-liquid-lsd-200ug-drop-online-cheap-1.jpg","type":"image\/jpeg"}],"twitter_card":"summary_large_image","twitter_misc":{"\u9884\u8ba1\u9605\u8bfb\u65f6\u95f4":"2 \u5206"},"schema":{"@context":"https:\/\/schema.org","@graph":[{"@type":"WebPage","@id":"https:\/\/legitgrams.com\/product\/liquid-lsd-200ug-drop\/","url":"https:\/\/legitgrams.com\/product\/liquid-lsd-200ug-drop\/","name":"\u51fa\u552e\u6db2\u4f53 LSD 200ug \u6ef4\u5242 - \u5728\u7ebf\u8d2d\u4e70\u6db2\u4f53 LSD 200ug \u6ef4\u5242","isPartOf":{"@id":"https:\/\/legitgrams.com\/#website"},"primaryImageOfPage":{"@id":"https:\/\/legitgrams.com\/product\/liquid-lsd-200ug-drop\/#primaryimage"},"image":{"@id":"https:\/\/legitgrams.com\/product\/liquid-lsd-200ug-drop\/#primaryimage"},"thumbnailUrl":"https:\/\/legitgrams.com\/wp-content\/uploads\/2024\/09\/buy-liquid-lsd-200ug-drop-online-cheap-1.jpg","datePublished":"2024-09-22T06:58:30+00:00","dateModified":"2025-01-14T07:53:53+00:00","description":"\u60a8\u53ef\u4ee5\u8054\u7cfb\u6211\u4eec\u7684 Legitgrams \u5546\u5e97\uff0c\u5728\u7ebf\u8d2d\u4e70\u6db2\u6001 LSD 200ug Drop\u3002\u6211\u4eec\u6709\u6db2\u4f53 LSD 200ug Drop \u4ee5\u4f4e\u5ec9\u7684\u4ef7\u683c\u51fa\u552e\u3002\u73b0\u5728\u5c31\u53bb\u8d2d\u4e70\u5427\uff01","breadcrumb":{"@id":"https:\/\/legitgrams.com\/product\/liquid-lsd-200ug-drop\/#breadcrumb"},"inLanguage":"zh-Hans","potentialAction":[{"@type":"ReadAction","target":["https:\/\/legitgrams.com\/product\/liquid-lsd-200ug-drop\/"]}]},{"@type":"ImageObject","inLanguage":"zh-Hans","@id":"https:\/\/legitgrams.com\/product\/liquid-lsd-200ug-drop\/#primaryimage","url":"https:\/\/legitgrams.com\/wp-content\/uploads\/2024\/09\/buy-liquid-lsd-200ug-drop-online-cheap-1.jpg","contentUrl":"https:\/\/legitgrams.com\/wp-content\/uploads\/2024\/09\/buy-liquid-lsd-200ug-drop-online-cheap-1.jpg","width":600,"height":600,"caption":"liquid LSD 200ug Drop for Sale"},{"@type":"BreadcrumbList","@id":"https:\/\/legitgrams.com\/product\/liquid-lsd-200ug-drop\/#breadcrumb","itemListElement":[{"@type":"ListItem","position":1,"name":"Home","item":"https:\/\/legitgrams.com\/"},{"@type":"ListItem","position":2,"name":"Shop","item":"https:\/\/legitgrams.com\/shop\/"},{"@type":"ListItem","position":3,"name":"liquid LSD 200ug Drop"}]},{"@type":"WebSite","@id":"https:\/\/legitgrams.com\/#website","url":"https:\/\/legitgrams.com\/","name":"\u5408\u6cd5\u514b","description":"\u6211\u7684 WordPress \u535a\u5ba2","publisher":{"@id":"https:\/\/legitgrams.com\/#organization"},"potentialAction":[{"@type":"SearchAction","target":{"@type":"EntryPoint","urlTemplate":"https:\/\/legitgrams.com\/?s={search_term_string}"},"query-input":{"@type":"PropertyValueSpecification","valueRequired":true,"valueName":"search_term_string"}}],"inLanguage":"zh-Hans"},{"@type":"Organization","@id":"https:\/\/legitgrams.com\/#organization","name":"\u5408\u6cd5\u514b","url":"https:\/\/legitgrams.com\/","logo":{"@type":"ImageObject","inLanguage":"zh-Hans","@id":"https:\/\/legitgrams.com\/#\/schema\/logo\/image\/","url":"https:\/\/legitgrams.com\/wp-content\/uploads\/2024\/09\/main-logo.png","contentUrl":"https:\/\/legitgrams.com\/wp-content\/uploads\/2024\/09\/main-logo.png","width":270,"height":75,"caption":"Legit Grams"},"image":{"@id":"https:\/\/legitgrams.com\/#\/schema\/logo\/image\/"}}]}},"uagb_featured_image_src":{"full":["https:\/\/legitgrams.com\/wp-content\/uploads\/2024\/09\/buy-liquid-lsd-200ug-drop-online-cheap-1.jpg",600,600,false],"thumbnail":["https:\/\/legitgrams.com\/wp-content\/uploads\/2024\/09\/buy-liquid-lsd-200ug-drop-online-cheap-1-150x150.jpg",150,150,true],"medium":["https:\/\/legitgrams.com\/wp-content\/uploads\/2024\/09\/buy-liquid-lsd-200ug-drop-online-cheap-1-300x300.jpg",300,300,true],"medium_large":["https:\/\/legitgrams.com\/wp-content\/uploads\/2024\/09\/buy-liquid-lsd-200ug-drop-online-cheap-1.jpg",600,600,false],"large":["https:\/\/legitgrams.com\/wp-content\/uploads\/2024\/09\/buy-liquid-lsd-200ug-drop-online-cheap-1.jpg",600,600,false],"1536x1536":["https:\/\/legitgrams.com\/wp-content\/uploads\/2024\/09\/buy-liquid-lsd-200ug-drop-online-cheap-1.jpg",600,600,false],"2048x2048":["https:\/\/legitgrams.com\/wp-content\/uploads\/2024\/09\/buy-liquid-lsd-200ug-drop-online-cheap-1.jpg",600,600,false],"trp-custom-language-flag":["https:\/\/legitgrams.com\/wp-content\/uploads\/2024\/09\/buy-liquid-lsd-200ug-drop-online-cheap-1-12x12.jpg",12,12,true],"woocommerce_thumbnail":["https:\/\/legitgrams.com\/wp-content\/uploads\/2024\/09\/buy-liquid-lsd-200ug-drop-online-cheap-1-300x300.jpg",300,300,true],"woocommerce_single":["https:\/\/legitgrams.com\/wp-content\/uploads\/2024\/09\/buy-liquid-lsd-200ug-drop-online-cheap-1.jpg",600,600,false],"woocommerce_gallery_thumbnail":["https:\/\/legitgrams.com\/wp-content\/uploads\/2024\/09\/buy-liquid-lsd-200ug-drop-online-cheap-1-100x100.jpg",100,100,true]},"uagb_author_info":{"display_name":"cokeblog18","author_link":"https:\/\/legitgrams.com\/zh\/author\/"},"uagb_comment_info":0,"uagb_excerpt":"Purchase a 200ug drop of liquid LSD online. Get liquid lsd 200ug online and drop it at a reasonable price. What is LSD Liquid? Rye mushrooms contain a chemical that is used to make the hallucinogenic drug known as LSD, or lysergic acid diethylamide. Its most well-known use was during the counterculture of the 1960s,&hellip;","_links":{"self":[{"href":"https:\/\/legitgrams.com\/zh\/wp-json\/wp\/v2\/product\/4246","targetHints":{"allow":["GET"]}}],"collection":[{"href":"https:\/\/legitgrams.com\/zh\/wp-json\/wp\/v2\/product"}],"about":[{"href":"https:\/\/legitgrams.com\/zh\/wp-json\/wp\/v2\/types\/product"}],"replies":[{"embeddable":true,"href":"https:\/\/legitgrams.com\/zh\/wp-json\/wp\/v2\/comments?post=4246"}],"wp:featuredmedia":[{"embeddable":true,"href":"https:\/\/legitgrams.com\/zh\/wp-json\/wp\/v2\/media\/5285"}],"wp:attachment":[{"href":"https:\/\/legitgrams.com\/zh\/wp-json\/wp\/v2\/media?parent=4246"}],"wp:term":[{"taxonomy":"product_brand","embeddable":true,"href":"https:\/\/legitgrams.com\/zh\/wp-json\/wp\/v2\/product_brand?post=4246"},{"taxonomy":"product_cat","embeddable":true,"href":"https:\/\/legitgrams.com\/zh\/wp-json\/wp\/v2\/product_cat?post=4246"},{"taxonomy":"product_tag","embeddable":true,"href":"https:\/\/legitgrams.com\/zh\/wp-json\/wp\/v2\/product_tag?post=4246"}],"curies":[{"name":"wp","href":"https:\/\/api.w.org\/{rel}","templated":true}]}}